{"id":19811,"date":"2024-03-20T15:03:35","date_gmt":"2024-03-20T07:03:35","guid":{"rendered":"https:\/\/usfull.linkerr.cn\/?page_id=19811"},"modified":"2025-03-26T17:25:48","modified_gmt":"2025-03-26T09:25:48","slug":"faqs","status":"publish","type":"page","link":"https:\/\/www.cnspd.com\/de\/faqs\/all\/","title":{"rendered":"FAQS"},"content":{"rendered":"<section class=\"l-section wpb_row us_custom_7fd12569 banner-r height_huge color_secondary with_img parallax_fixed\"><div class=\"l-section-img\" role=\"img\" data-img-width=\"1903\" data-img-height=\"1000\" style=\"background-image: url(https:\/\/www.cnspd.com\/wp-content\/uploads\/2024\/06\/bg-1.jpg);background-repeat: no-repeat;\"><\/div><div class=\"l-section-overlay\" style=\"background:rgba(0,0,0,0.30)\"><\/div><div class=\"l-section-h i-cf\"><div class=\"g-cols vc_row via_grid cols_1 laptops-cols_inherit tablets-cols_1 mobiles-cols_1 valign_top type_default reversed stacking_default\" style=\"--columns-gap:0rem;\"><div class=\"wpb_column vc_column_container us_custom_fd43344c\"><div class=\"vc_column-inner\"><nav class=\"g-breadcrumbs us_custom_6df4bc3a has_text_color separator_icon align_none\" itemscope itemtype=\"http:\/\/schema.org\/BreadcrumbList\"><div class=\"g-breadcrumbs-item\" itemscope itemprop=\"itemListElement\" itemtype=\"http:\/\/schema.org\/ListItem\"><a itemprop=\"item\" href=\"https:\/\/www.cnspd.com\/de\/\"><span itemprop=\"name\">Startseite <\/span><\/a><meta itemprop=\"position\" content=\"1\"\/><\/div><div class=\"g-breadcrumbs-separator\"><i class=\"far fa-angle-right\"><\/i><\/div><div class=\"g-breadcrumbs-item\">Seiten<\/div><\/nav><div class=\"w-separator size_small\"><\/div><h1 class=\"w-post-elm post_title us_custom_abc17630 align_left entry-title color_link_inherit\">FAQS<\/h1><div class=\"w-hwrapper valign_middle wrap align_none\" style=\"--hwrapper-gap:3rem\"><div class=\"wpb_text_column us_custom_786f4c20\"><div class=\"wpb_wrapper\"><p>Unsere hochmodernen Forschungs- und Entwicklungslabors arbeiten kontinuierlich an technologischen Innovationen, um sicherzustellen, dass unsere elektrischen Produkte in der Branche f\u00fchrend sind.<\/p>\n<\/div><\/div><\/div><\/div><\/div><\/div><\/div><\/section><section class=\"l-section wpb_row us_custom_3104c179 faq1 height_large\"><div class=\"l-section-h i-cf\"><div class=\"g-cols vc_row via_grid cols_1 laptops-cols_inherit tablets-cols_inherit mobiles-cols_1 valign_top type_default stacking_default\"><div class=\"wpb_column vc_column_container\"><div class=\"vc_column-inner\"><div class=\"g-cols wpb_row jj3 via_grid cols_2-3 laptops-cols_inherit tablets-cols_inherit mobiles-cols_1 valign_top type_default stacking_default\" style=\"--columns-gap:2rem;\"><div class=\"wpb_column vc_column_container us_custom_2073c46b baise_bg has_bg_color stretched type_sticky\"><div class=\"vc_column-inner\"><div class=\"wpb_text_column\"><div class=\"wpb_wrapper\"><h3>Eine Frage stellen<\/h3>\n<p>Bitte z\u00f6gern Sie nicht, uns zu kontaktieren, wenn Sie einen Bedarf haben.<\/p>\n<\/div><\/div><div class=\"w-separator size_small\"><\/div>\n<div class=\"wpcf7 no-js us_custom_b6a72ce1\" id=\"wpcf7-f125-o1\" lang=\"en-US\" dir=\"ltr\" data-wpcf7-id=\"125\">\n<div class=\"screen-reader-response\"><p role=\"status\" aria-live=\"polite\" aria-atomic=\"true\"><\/p> <ul><\/ul><\/div>\n<form action=\"\/de\/wp-json\/wp\/v2\/pages\/19811#wpcf7-f125-o1\" method=\"post\" class=\"wpcf7-form init\" aria-label=\"Kontakt-Formular\" novalidate=\"novalidate\" data-status=\"init\" data-trp-original-action=\"\/de\/wp-json\/wp\/v2\/pages\/19811#wpcf7-f125-o1\">\n<fieldset class=\"hidden-fields-container\"><input type=\"hidden\" name=\"_wpcf7\" value=\"125\" \/><input type=\"hidden\" name=\"_wpcf7_version\" value=\"6.1.5\" \/><input type=\"hidden\" name=\"_wpcf7_locale\" value=\"en_US\" \/><input type=\"hidden\" name=\"_wpcf7_unit_tag\" value=\"wpcf7-f125-o1\" \/><input type=\"hidden\" name=\"_wpcf7_container_post\" value=\"0\" \/><input type=\"hidden\" name=\"_wpcf7_posted_data_hash\" value=\"\" \/><input type=\"hidden\" name=\"_wpcf7dtx_version\" value=\"5.0.5\" \/><input type=\"hidden\" name=\"_wpcf7_recaptcha_response\" value=\"\" \/>\n<\/fieldset>\n<div class=\"outer\">\n\t<div class=\"inner\">\n\t\t<p><span class=\"wpcf7-form-control-wrap\" data-name=\"your-name\"><input size=\"40\" maxlength=\"400\" class=\"wpcf7-form-control wpcf7-text wpcf7-validates-as-required\" aria-required=\"true\" aria-invalid=\"false\" placeholder=\"Ihr Name*\" value=\"\" type=\"text\" name=\"your-name\" \/><\/span>\n\t\t<\/p>\n\t<\/div>\n\t<div class=\"inner\">\n\t\t<p><span class=\"wpcf7-form-control-wrap\" data-name=\"your-email\"><input size=\"40\" maxlength=\"400\" class=\"wpcf7-form-control wpcf7-email wpcf7-validates-as-required wpcf7-text wpcf7-validates-as-email\" aria-required=\"true\" aria-invalid=\"false\" placeholder=\"E-Mail Adresse*\" value=\"\" type=\"email\" name=\"your-email\" \/><\/span>\n\t\t<\/p>\n\t<\/div>\n<\/div>\n<div>\n\t<p><span class=\"wpcf7-form-control-wrap\" data-name=\"your-message\"><textarea cols=\"40\" rows=\"10\" maxlength=\"2000\" class=\"wpcf7-form-control wpcf7-textarea wpcf7-validates-as-required\" aria-required=\"true\" aria-invalid=\"false\" placeholder=\"Nennen Sie uns Ihren Bedarf so genau wie m\u00f6glich*\" name=\"your-message\"><\/textarea><\/span>\n\t<\/p>\n<\/div>\n<div style=\"display:none\">\n<span class=\"wpcf7-form-control-wrap your-url\" data-name=\"your-url\"><input type=\"hidden\" name=\"your-url\" class=\"wpcf7-form-control wpcf7-hidden wpcf7dtx wpcf7dtx-hidden\" aria-invalid=\"false\" value=\"https:\/\/www.cnspd.com\/de\/de\/wp-json\/wp\/v2\/pages\/19811\"><\/span>\n<\/div>\n<div class=\"form-button\">\n\t<p><input class=\"wpcf7-form-control wpcf7-submit has-spinner\" type=\"submit\" value=\"Nachricht senden\" \/>\n\t<\/p>\n<\/div><div class=\"wpcf7-response-output\" aria-hidden=\"true\"><\/div>\n<input type=\"hidden\" name=\"trp-form-language\" value=\"de\"\/><\/form>\n<\/div>\n<\/div><\/div><div class=\"wpb_column vc_column_container us_custom_675a26b2 has_bg_color\"><div class=\"vc_column-inner\"><div class=\"w-image us_custom_3444efa1 align_none\"><div class=\"w-image-h\"><img loading=\"lazy\" decoding=\"async\" width=\"816\" height=\"456\" src=\"https:\/\/www.cnspd.com\/wp-content\/uploads\/2024\/05\/faq-1.jpg\" class=\"attachment-full size-full\" alt=\"\" srcset=\"https:\/\/www.cnspd.com\/wp-content\/uploads\/2024\/05\/faq-1.jpg 816w, https:\/\/www.cnspd.com\/wp-content\/uploads\/2024\/05\/faq-1-150x84.jpg 150w\" sizes=\"auto, (max-width: 816px) 100vw, 816px\" \/><\/div><\/div><div class=\"w-tabs us_custom_4127d55d style_default switch_click accordion remove_indents\" style=\"--sections-title-size:1.1rem\"><div class=\"w-tabs-sections titles-align_none icon_chevron cpos_right\"><div class=\"w-tabs-section active\" id=\"p12c\"><button class=\"w-tabs-section-header active\" aria-controls=\"content-p12c\" aria-expanded=\"true\"><p class=\"w-tabs-section-title\">F: Wie hoch sind Ihre Preise?<\/p><div class=\"w-tabs-section-control\"><\/div><\/button><div  class=\"w-tabs-section-content\" id=\"content-p12c\"><div class=\"w-tabs-section-content-h i-cf\"><div class=\"wpb_text_column\"><div class=\"wpb_wrapper\"><p>Unsere Preise k\u00f6nnen sich je nach Angebot und anderen Marktfaktoren \u00e4ndern. Wir werden Ihnen eine aktualisierte Preisliste zusenden, nachdem Ihr Unternehmen uns f\u00fcr weitere Informationen kontaktiert hat.<\/p>\n<\/div><\/div><\/div><\/div><\/div><div class=\"w-tabs-section\" id=\"y3f3\"><button class=\"w-tabs-section-header\" aria-controls=\"content-y3f3\" aria-expanded=\"false\"><p class=\"w-tabs-section-title\">F: Haben Sie eine Mindestbestellmenge?<\/p><div class=\"w-tabs-section-control\"><\/div><\/button><div  class=\"w-tabs-section-content\" id=\"content-y3f3\"><div class=\"w-tabs-section-content-h i-cf\"><div class=\"wpb_text_column\"><div class=\"wpb_wrapper\"><p>Bei LEEYEE sind wir uns der Besonderheit der Anforderungen eines jeden Kunden bewusst. Daher haben wir Mindestbestellmengen festgelegt, um ein H\u00f6chstma\u00df an Qualit\u00e4t bei unseren Produkten und Dienstleistungen zu gew\u00e4hrleisten. Obwohl wir standardm\u00e4\u00dfige Mindestbestellmengen einhalten, ist unser Team jederzeit bereit, mit Ihnen \u00fcber Ihre individuellen Bed\u00fcrfnisse zu sprechen und Ihnen ma\u00dfgeschneiderte L\u00f6sungen anzubieten, um diese zu erf\u00fcllen.<\/p>\n<\/div><\/div><\/div><\/div><\/div><div class=\"w-tabs-section\" id=\"p652\"><button class=\"w-tabs-section-header\" aria-controls=\"content-p652\" aria-expanded=\"false\"><p class=\"w-tabs-section-title\">F: K\u00f6nnen Sie die entsprechenden Unterlagen zur Verf\u00fcgung stellen?<\/p><div class=\"w-tabs-section-control\"><\/div><\/button><div  class=\"w-tabs-section-content\" id=\"content-p652\"><div class=\"w-tabs-section-content-h i-cf\"><div class=\"wpb_text_column\"><div class=\"wpb_wrapper\"><p>Ja, wir k\u00f6nnen die meisten Dokumente bereitstellen, einschlie\u00dflich Analyse-\/Konformit\u00e4tszertifikate, Versicherungen, Ursprungszeugnisse und andere Exportdokumente, sofern erforderlich.<\/p>\n<\/div><\/div><\/div><\/div><\/div><div class=\"w-tabs-section\" id=\"i8a7\"><button class=\"w-tabs-section-header\" aria-controls=\"content-i8a7\" aria-expanded=\"false\"><p class=\"w-tabs-section-title\">F: Wie lange ist die durchschnittliche Vorlaufzeit?<\/p><div class=\"w-tabs-section-control\"><\/div><\/button><div  class=\"w-tabs-section-content\" id=\"content-i8a7\"><div class=\"w-tabs-section-content-h i-cf\"><div class=\"wpb_text_column\"><div class=\"wpb_wrapper\"><p>F\u00fcr Muster betr\u00e4gt die Vorlaufzeit etwa 7 Tage. F\u00fcr die Massenproduktion betr\u00e4gt die Vorlaufzeit 20-30 Tage nach Eingang der Anzahlung. Die Vorlaufzeiten werden wirksam, wenn (1) wir Ihre Anzahlung erhalten haben und (2) wir Ihre endg\u00fcltige Genehmigung f\u00fcr Ihre Produkte haben. Wenn unsere Vorlaufzeiten nicht mit Ihrem Terminplan \u00fcbereinstimmen, besprechen Sie bitte Ihre Anforderungen mit Ihrem Verk\u00e4ufer. In jedem Fall werden wir versuchen, Ihren Bed\u00fcrfnissen entgegenzukommen. In den meisten F\u00e4llen ist dies auch m\u00f6glich.<\/p>\n<\/div><\/div><\/div><\/div><\/div><div class=\"w-tabs-section\" id=\"uae9\"><button class=\"w-tabs-section-header\" aria-controls=\"content-uae9\" aria-expanded=\"false\"><p class=\"w-tabs-section-title\">F: Welche Arten von Zahlungsmitteln akzeptieren Sie?<\/p><div class=\"w-tabs-section-control\"><\/div><\/button><div  class=\"w-tabs-section-content\" id=\"content-uae9\"><div class=\"w-tabs-section-content-h i-cf\"><div class=\"wpb_text_column\"><div class=\"wpb_wrapper\"><p>Sie k\u00f6nnen die Zahlung auf unser Bankkonto, Western Union oder PayPal vornehmen:<br \/>\n30% Anzahlung im Voraus, 70% Restbetrag gegen die Kopie des B\/L.<\/p>\n<\/div><\/div><\/div><\/div><\/div><div class=\"w-tabs-section\" id=\"ucdd\"><button class=\"w-tabs-section-header\" aria-controls=\"content-ucdd\" aria-expanded=\"false\"><p class=\"w-tabs-section-title\">F: Garantieren Sie eine sichere Lieferung der Produkte?<\/p><div class=\"w-tabs-section-control\"><\/div><\/button><div  class=\"w-tabs-section-content\" id=\"content-ucdd\"><div class=\"w-tabs-section-content-h i-cf\"><div class=\"wpb_text_column\"><div class=\"wpb_wrapper\"><p>A: Unser Unternehmen befindet sich in der Provinz Wenzhou Zhejiang, China, und wir hei\u00dfen Sie jederzeit willkommen! Sehen ist Glauben.<\/p>\n<\/div><\/div><\/div><\/div><\/div><div class=\"w-tabs-section\" id=\"bf1b\"><button class=\"w-tabs-section-header\" aria-controls=\"content-bf1b\" aria-expanded=\"false\"><p class=\"w-tabs-section-title\">F: Wie sieht es mit den Versandgeb\u00fchren aus?<\/p><div class=\"w-tabs-section-control\"><\/div><\/button><div  class=\"w-tabs-section-content\" id=\"content-bf1b\"><div class=\"w-tabs-section-content-h i-cf\"><div class=\"wpb_text_column\"><div class=\"wpb_wrapper\"><p>Die Versandkosten h\u00e4ngen davon ab, auf welchem Weg Sie die Waren erhalten m\u00f6chten. Der Expressversand ist normalerweise der schnellste, aber auch der teuerste Weg. Seefracht ist die beste L\u00f6sung f\u00fcr gro\u00dfe Mengen. Genaue Frachtraten k\u00f6nnen wir Ihnen nur nennen, wenn wir die Details zu Menge, Gewicht und Weg kennen. Bitte kontaktieren Sie uns f\u00fcr weitere Informationen.<\/p>\n<\/div><\/div><\/div><\/div><\/div><\/div><\/div><\/div><\/div><\/div><\/div><\/div><\/div><\/div><\/section>","protected":false},"excerpt":{"rendered":"Home SeitenFAQSOUnsere hochmodernen Forschungs- und Entwicklungslabors sind der st\u00e4ndigen technologischen Innovation verpflichtet, um sicherzustellen, dass unsere elektrischen Produkte an der Spitze der Branche stehen. Stellen Sie eine Frage Bitte z\u00f6gern Sie nicht, uns zu kontaktieren, wenn Sie irgendwelche Bed\u00fcrfnisse haben. Q:Was sind Ihre Preise?Unsere Preise k\u00f6nnen sich je nach Angebot und anderen Marktbedingungen \u00e4ndern...","protected":false},"author":12,"featured_media":0,"parent":0,"menu_order":0,"comment_status":"closed","ping_status":"closed","template":"","meta":{"footnotes":""},"class_list":["post-19811","page","type-page","status-publish","hentry"],"acf":[],"yoast_head":"<!-- This site is optimized with the Yoast SEO plugin v27.5 - https:\/\/yoast.com\/product\/yoast-seo-wordpress\/ -->\n<title>FAQS - Surge Protector, Surge Arrestor, Isolating Switch - LEEYEE<\/title>\n<meta name=\"description\" content=\"Check out our professional FAQS at LEEYEE Electrics for Surge Protector, Surge Arrestor, Isolating Switch - LEEYEE .\" \/>\n<meta name=\"robots\" content=\"index, follow, max-snippet:-1, max-image-preview:large, max-video-preview:-1\" \/>\n<link rel=\"canonical\" href=\"https:\/\/www.cnspd.com\/de\/faqs\/all\/\" \/>\n<meta property=\"og:locale\" content=\"de_DE\" \/>\n<meta property=\"og:type\" content=\"article\" \/>\n<meta property=\"og:title\" content=\"FAQS - Surge Protector, Surge Arrestor, Isolating Switch - LEEYEE\" \/>\n<meta property=\"og:description\" content=\"Check out our professional FAQS at LEEYEE Electrics for Surge Protector, Surge Arrestor, Isolating Switch - LEEYEE .\" \/>\n<meta property=\"og:url\" content=\"https:\/\/www.cnspd.com\/de\/faqs\/all\/\" \/>\n<meta property=\"og:site_name\" content=\"Surge Protector, Surge Arrestor, Isolating Switch - LEEYEE\" \/>\n<meta property=\"article:modified_time\" content=\"2025-03-26T09:25:48+00:00\" \/>\n<meta name=\"twitter:card\" content=\"summary_large_image\" \/>\n<meta name=\"twitter:label1\" content=\"Gesch\u00e4tzte Lesezeit\" \/>\n\t<meta name=\"twitter:data1\" content=\"5\u00a0Minuten\" \/>\n<script type=\"application\/ld+json\" class=\"yoast-schema-graph\">{\"@context\":\"https:\\\/\\\/schema.org\",\"@graph\":[{\"@type\":\"WebPage\",\"@id\":\"https:\\\/\\\/www.cnspd.com\\\/faqs\\\/all\\\/\",\"url\":\"https:\\\/\\\/www.cnspd.com\\\/faqs\\\/all\\\/\",\"name\":\"FAQS - Surge Protector, Surge Arrestor, Isolating Switch - LEEYEE\",\"isPartOf\":{\"@id\":\"https:\\\/\\\/www.cnspd.com\\\/#website\"},\"datePublished\":\"2024-03-20T07:03:35+00:00\",\"dateModified\":\"2025-03-26T09:25:48+00:00\",\"description\":\"Check out our professional FAQS at LEEYEE Electrics for Surge Protector, Surge Arrestor, Isolating Switch - LEEYEE .\",\"breadcrumb\":{\"@id\":\"https:\\\/\\\/www.cnspd.com\\\/faqs\\\/all\\\/#breadcrumb\"},\"inLanguage\":\"de\",\"potentialAction\":[{\"@type\":\"ReadAction\",\"target\":[\"https:\\\/\\\/www.cnspd.com\\\/faqs\\\/all\\\/\"]}]},{\"@type\":\"BreadcrumbList\",\"@id\":\"https:\\\/\\\/www.cnspd.com\\\/faqs\\\/all\\\/#breadcrumb\",\"itemListElement\":[{\"@type\":\"ListItem\",\"position\":1,\"name\":\"Home\",\"item\":\"https:\\\/\\\/www.cnspd.com\\\/\"},{\"@type\":\"ListItem\",\"position\":2,\"name\":\"FAQS\"}]},{\"@type\":\"WebSite\",\"@id\":\"https:\\\/\\\/www.cnspd.com\\\/#website\",\"url\":\"https:\\\/\\\/www.cnspd.com\\\/\",\"name\":\"Surge Protector, Surge Arrestor, Isolating Switch - LEEYEE\",\"description\":\"Surge Protector, Surge Arrestor, Isolating Switch - LEEYEE\",\"potentialAction\":[{\"@type\":\"SearchAction\",\"target\":{\"@type\":\"EntryPoint\",\"urlTemplate\":\"https:\\\/\\\/www.cnspd.com\\\/?s={search_term_string}\"},\"query-input\":{\"@type\":\"PropertyValueSpecification\",\"valueRequired\":true,\"valueName\":\"search_term_string\"}}],\"inLanguage\":\"de\"}]}<\/script>\n<!-- \/ Yoast SEO plugin. -->","yoast_head_json":{"title":"FAQS - \u00dcberspannungsschutz, \u00dcberspannungsableiter, Isolierschalter - LEEYEE","description":"Schauen Sie sich unsere professionellen FAQS bei LEEYEE Electrics f\u00fcr \u00dcberspannungsschutz, \u00dcberspannungsableiter, Trennschalter - LEEYEE an.","robots":{"index":"index","follow":"follow","max-snippet":"max-snippet:-1","max-image-preview":"max-image-preview:large","max-video-preview":"max-video-preview:-1"},"canonical":"https:\/\/www.cnspd.com\/de\/faqs\/all\/","og_locale":"de_DE","og_type":"article","og_title":"FAQS - Surge Protector, Surge Arrestor, Isolating Switch - LEEYEE","og_description":"Check out our professional FAQS at LEEYEE Electrics for Surge Protector, Surge Arrestor, Isolating Switch - LEEYEE .","og_url":"https:\/\/www.cnspd.com\/de\/faqs\/all\/","og_site_name":"Surge Protector, Surge Arrestor, Isolating Switch - LEEYEE","article_modified_time":"2025-03-26T09:25:48+00:00","twitter_card":"summary_large_image","twitter_misc":{"Gesch\u00e4tzte Lesezeit":"5\u00a0Minuten"},"schema":{"@context":"https:\/\/schema.org","@graph":[{"@type":"WebPage","@id":"https:\/\/www.cnspd.com\/faqs\/all\/","url":"https:\/\/www.cnspd.com\/faqs\/all\/","name":"FAQS - \u00dcberspannungsschutz, \u00dcberspannungsableiter, Isolierschalter - LEEYEE","isPartOf":{"@id":"https:\/\/www.cnspd.com\/#website"},"datePublished":"2024-03-20T07:03:35+00:00","dateModified":"2025-03-26T09:25:48+00:00","description":"Schauen Sie sich unsere professionellen FAQS bei LEEYEE Electrics f\u00fcr \u00dcberspannungsschutz, \u00dcberspannungsableiter, Trennschalter - LEEYEE an.","breadcrumb":{"@id":"https:\/\/www.cnspd.com\/faqs\/all\/#breadcrumb"},"inLanguage":"de","potentialAction":[{"@type":"ReadAction","target":["https:\/\/www.cnspd.com\/faqs\/all\/"]}]},{"@type":"BreadcrumbList","@id":"https:\/\/www.cnspd.com\/faqs\/all\/#breadcrumb","itemListElement":[{"@type":"ListItem","position":1,"name":"Home","item":"https:\/\/www.cnspd.com\/"},{"@type":"ListItem","position":2,"name":"FAQS"}]},{"@type":"WebSite","@id":"https:\/\/www.cnspd.com\/#website","url":"https:\/\/www.cnspd.com\/","name":"\u00dcberspannungsschutz, \u00dcberspannungsableiter, Isolierschalter - LEEYEE","description":"\u00dcberspannungsschutz, \u00dcberspannungsableiter, Isolierschalter - LEEYEE","potentialAction":[{"@type":"SearchAction","target":{"@type":"EntryPoint","urlTemplate":"https:\/\/www.cnspd.com\/?s={search_term_string}"},"query-input":{"@type":"PropertyValueSpecification","valueRequired":true,"valueName":"search_term_string"}}],"inLanguage":"de"}]}},"_links":{"self":[{"href":"https:\/\/www.cnspd.com\/de\/wp-json\/wp\/v2\/pages\/19811","targetHints":{"allow":["GET"]}}],"collection":[{"href":"https:\/\/www.cnspd.com\/de\/wp-json\/wp\/v2\/pages"}],"about":[{"href":"https:\/\/www.cnspd.com\/de\/wp-json\/wp\/v2\/types\/page"}],"author":[{"embeddable":true,"href":"https:\/\/www.cnspd.com\/de\/wp-json\/wp\/v2\/users\/12"}],"replies":[{"embeddable":true,"href":"https:\/\/www.cnspd.com\/de\/wp-json\/wp\/v2\/comments?post=19811"}],"version-history":[{"count":0,"href":"https:\/\/www.cnspd.com\/de\/wp-json\/wp\/v2\/pages\/19811\/revisions"}],"wp:attachment":[{"href":"https:\/\/www.cnspd.com\/de\/wp-json\/wp\/v2\/media?parent=19811"}],"curies":[{"name":"wp","href":"https:\/\/api.w.org\/{rel}","templated":true}]}}