{"id":83,"date":"2023-04-20T17:39:45","date_gmt":"2023-04-20T09:39:45","guid":{"rendered":"https:\/\/wp.qhdl.cn\/?page_id=83"},"modified":"2026-01-08T10:09:52","modified_gmt":"2026-01-08T02:09:52","slug":"downloads","status":"publish","type":"page","link":"https:\/\/www.cnspd.com\/de\/download-category\/all\/","title":{"rendered":"Katalog Download"},"content":{"rendered":"<section class=\"l-section wpb_row us_custom_7fd12569 banner-r height_huge color_secondary with_img\"><div class=\"l-section-img\" role=\"img\" data-img-width=\"1903\" data-img-height=\"1000\" style=\"background-image: url(https:\/\/www.cnspd.com\/wp-content\/uploads\/2024\/06\/bg-6.jpg);background-repeat: no-repeat;\"><\/div><div class=\"l-section-overlay\" style=\"background:rgba(0,0,0,0.25)\"><\/div><div class=\"l-section-h i-cf\"><div class=\"g-cols vc_row via_grid cols_1 laptops-cols_inherit tablets-cols_1 mobiles-cols_1 valign_top type_default reversed stacking_default\" style=\"--columns-gap:0rem;\"><div class=\"wpb_column vc_column_container us_custom_fd43344c\"><div class=\"vc_column-inner\"><nav class=\"g-breadcrumbs us_custom_6df4bc3a has_text_color separator_icon align_none\" itemscope itemtype=\"http:\/\/schema.org\/BreadcrumbList\"><div class=\"g-breadcrumbs-item\" itemscope itemprop=\"itemListElement\" itemtype=\"http:\/\/schema.org\/ListItem\"><a itemprop=\"item\" href=\"https:\/\/www.cnspd.com\/de\/\"><span itemprop=\"name\">Startseite <\/span><\/a><meta itemprop=\"position\" content=\"1\"\/><\/div><div class=\"g-breadcrumbs-separator\"><i class=\"far fa-angle-right\"><\/i><\/div><div class=\"g-breadcrumbs-item\">Seiten<\/div><\/nav><div class=\"w-separator size_small\"><\/div><h1 class=\"w-post-elm post_title us_custom_abc17630 align_left entry-title color_link_inherit\">Katalog Download<\/h1><div class=\"w-hwrapper valign_middle wrap align_none\" style=\"--hwrapper-gap:3rem\"><div class=\"wpb_text_column us_custom_e0a0b643\"><div class=\"wpb_wrapper\"><p>Dank unserer langj\u00e4hrigen Erfahrung in der Branche verf\u00fcgen wir \u00fcber ein umfassendes Verst\u00e4ndnis des Marktes f\u00fcr elektrische Produkte und sind in der Lage, schnell auf Marktver\u00e4nderungen zu reagieren und die Bed\u00fcrfnisse unserer Kunden zu erf\u00fcllen.<\/p>\n<\/div><\/div><\/div><\/div><\/div><\/div><\/div><\/section><section class=\"l-section wpb_row height_large\"><div class=\"l-section-h i-cf\"><div class=\"g-cols vc_row via_grid cols_1 laptops-cols_inherit tablets-cols_inherit mobiles-cols_1 valign_top type_default stacking_default\"><div class=\"wpb_column vc_column_container\"><div class=\"vc_column-inner\"><div class=\"g-cols wpb_row via_grid cols_4 laptops-cols_inherit tablets-cols_inherit mobiles-cols_1 valign_top type_default stacking_default\" style=\"--columns-gap:3rem;\"><div class=\"wpb_column vc_column_container us_custom_17f42043 has_bg_color\"><div class=\"vc_column-inner\"><div class=\"w-iconbox us_custom_4e3ce60a iconpos_top style_default color_custom align_center no_text icontype_img\"><div class=\"w-iconbox-icon\" style=\"font-size:10rem;--icon-color:#999999;--icon-bg-color:#999999;\"><img fetchpriority=\"high\" decoding=\"async\" width=\"607\" height=\"814\" src=\"https:\/\/www.cnspd.com\/wp-content\/uploads\/2024\/07\/catalogue.png\" class=\"attachment-full size-full\" alt=\"Kompletten SPD-Produktkatalog anzeigen\" srcset=\"https:\/\/www.cnspd.com\/wp-content\/uploads\/2024\/07\/catalogue.png 607w, https:\/\/www.cnspd.com\/wp-content\/uploads\/2024\/07\/catalogue-112x150.png 112w\" sizes=\"(max-width: 607px) 100vw, 607px\" \/><\/div><div class=\"w-iconbox-meta\"><h4 class=\"w-iconbox-title\">LEEYEE SPD KATALOG<\/h4><\/div><\/div><div class=\"w-popup w-btn-wrapper align_center\"><button type=\"button\" aria-label=\"Herunterladen\" class=\"w-popup-trigger type_btn w-btn us-btn-style_8\"><span class=\"w-btn-label\">Herunterladen<\/span><\/button><div class=\"w-popup-overlay\" style=\"background:rgba(0,0,0,0.85);\"><\/div><div class=\"w-popup-wrap layout_default\" style=\"--title-color:var(--color-content-heading);--title-bg-color:var(--color-content-bg-alt);--content-color:var(--color-content-text);--content-bg-color:var(--color-content-bg);--popup-width:600px;--popup-padding:5%;\"><div class=\"w-popup-box animation_fadeIn closerpos_outside with_title\"><div class=\"w-popup-box-h\"><div class=\"w-popup-box-title\">LEEYEE Produkte 2026<\/div><div class=\"w-popup-box-content\"><div class=\"wpcf7 no-js\" id=\"wpcf7-f25059-o1\" lang=\"en-US\" dir=\"ltr\" data-wpcf7-id=\"25059\">\n<div class=\"screen-reader-response\"><p role=\"status\" aria-live=\"polite\" aria-atomic=\"true\"><\/p> <ul><\/ul><\/div>\n<form action=\"\/de\/wp-json\/wp\/v2\/pages\/83#wpcf7-f25059-o1\" method=\"post\" class=\"wpcf7-form init\" aria-label=\"Kontakt-Formular\" novalidate=\"novalidate\" data-status=\"init\" data-trp-original-action=\"\/de\/wp-json\/wp\/v2\/pages\/83#wpcf7-f25059-o1\">\n<fieldset class=\"hidden-fields-container\"><input type=\"hidden\" name=\"_wpcf7\" value=\"25059\" \/><input type=\"hidden\" name=\"_wpcf7_version\" value=\"6.1.5\" \/><input type=\"hidden\" name=\"_wpcf7_locale\" value=\"en_US\" \/><input type=\"hidden\" name=\"_wpcf7_unit_tag\" value=\"wpcf7-f25059-o1\" \/><input type=\"hidden\" name=\"_wpcf7_container_post\" value=\"0\" \/><input type=\"hidden\" name=\"_wpcf7_posted_data_hash\" value=\"\" \/><input type=\"hidden\" name=\"_wpcf7dtx_version\" value=\"5.0.5\" \/><input type=\"hidden\" name=\"_wpcf7_recaptcha_response\" value=\"\" \/>\n<\/fieldset>\n<div class=\"outer\">\n\t<div class=\"inner\">\n\t\t<p><span class=\"wpcf7-form-control-wrap\" data-name=\"your-name\"><input size=\"40\" maxlength=\"400\" class=\"wpcf7-form-control wpcf7-text wpcf7-validates-as-required\" aria-required=\"true\" aria-invalid=\"false\" placeholder=\"Ihr Name*\" value=\"\" type=\"text\" name=\"your-name\" \/><\/span>\n\t\t<\/p>\n\t<\/div>\n\t<div class=\"inner\">\n\t\t<p><span class=\"wpcf7-form-control-wrap\" data-name=\"your-email\"><input size=\"40\" maxlength=\"400\" class=\"wpcf7-form-control wpcf7-email wpcf7-validates-as-required wpcf7-text wpcf7-validates-as-email\" aria-required=\"true\" aria-invalid=\"false\" placeholder=\"E-Mail Adresse*\" value=\"\" type=\"email\" name=\"your-email\" \/><\/span>\n\t\t<\/p>\n\t<\/div>\n<\/div>\n<div class=\"outer\">\n\t<div class=\"inner\">\n\t\t<p><span class=\"wpcf7-form-control-wrap\" data-name=\"your-tel\"><input size=\"40\" maxlength=\"400\" class=\"wpcf7-form-control wpcf7-tel wpcf7-validates-as-required wpcf7-text wpcf7-validates-as-tel\" aria-required=\"true\" aria-invalid=\"false\" placeholder=\"Ihr Telefon*\" value=\"\" type=\"tel\" name=\"your-tel\" \/><\/span>\n\t\t<\/p>\n\t<\/div>\n\t<div class=\"inner\">\n\t\t<p><span class=\"wpcf7-form-control-wrap\" data-name=\"your-company\"><input size=\"40\" maxlength=\"400\" class=\"wpcf7-form-control wpcf7-text\" aria-invalid=\"false\" placeholder=\"Ihr Unternehmen*\" value=\"\" type=\"text\" name=\"your-company\" \/><\/span>\n\t\t<\/p>\n\t<\/div>\n<\/div>\n<div>\n\t<p><span class=\"wpcf7-form-control-wrap\" data-name=\"your-message\"><textarea cols=\"40\" rows=\"10\" maxlength=\"2000\" class=\"wpcf7-form-control wpcf7-textarea wpcf7-validates-as-required\" aria-required=\"true\" aria-invalid=\"false\" placeholder=\"Nennen Sie uns Ihren Bedarf so genau wie m\u00f6glich*\" name=\"your-message\"><\/textarea><\/span>\n\t<\/p>\n<\/div>\n<div style=\"display:none\">\n<span class=\"wpcf7-form-control-wrap your-url\" data-name=\"your-url\"><input type=\"hidden\" name=\"your-url\" class=\"wpcf7-form-control wpcf7-hidden wpcf7dtx wpcf7dtx-hidden\" aria-invalid=\"false\" value=\"https:\/\/www.cnspd.com\/de\/de\/wp-json\/wp\/v2\/pages\/83\"><\/span>\n<\/div>\n<div class=\"form-button\">\n\t<p><input class=\"wpcf7-form-control wpcf7-submit has-spinner\" type=\"submit\" value=\"Nachricht senden\" \/>\n\t<\/p>\n<\/div><div class=\"wpcf7-response-output\" aria-hidden=\"true\"><\/div>\n<input type=\"hidden\" name=\"trp-form-language\" value=\"de\"\/><\/form>\n<\/div>\n<\/div><\/div><\/div><div class=\"w-popup-closer\"><\/div><\/div><\/div><\/div><\/div><div class=\"wpb_column vc_column_container us_custom_17f42043 has_bg_color\"><div class=\"vc_column-inner\"><div class=\"w-iconbox us_custom_4e3ce60a iconpos_top style_default color_custom align_center no_text icontype_img\"><div class=\"w-iconbox-icon\" style=\"font-size:10rem;--icon-color:#999999;--icon-bg-color:#999999;\"><img decoding=\"async\" width=\"607\" height=\"814\" src=\"https:\/\/www.cnspd.com\/wp-content\/uploads\/2025\/06\/MCB-RCCB-RCBO.jpg\" class=\"attachment-full size-full\" alt=\"\" srcset=\"https:\/\/www.cnspd.com\/wp-content\/uploads\/2025\/06\/MCB-RCCB-RCBO.jpg 607w, https:\/\/www.cnspd.com\/wp-content\/uploads\/2025\/06\/MCB-RCCB-RCBO-112x150.jpg 112w, https:\/\/www.cnspd.com\/wp-content\/uploads\/2025\/06\/MCB-RCCB-RCBO-9x12.jpg 9w\" sizes=\"(max-width: 607px) 100vw, 607px\" \/><\/div><div class=\"w-iconbox-meta\"><h4 class=\"w-iconbox-title\">LEEYEE MCB KATALOG<\/h4><\/div><\/div><div class=\"w-popup w-btn-wrapper align_center\"><button type=\"button\" aria-label=\"Herunterladen\" class=\"w-popup-trigger type_btn w-btn us-btn-style_8\"><span class=\"w-btn-label\">Herunterladen<\/span><\/button><div class=\"w-popup-overlay\" style=\"background:rgba(0,0,0,0.85);\"><\/div><div class=\"w-popup-wrap layout_default\" style=\"--title-color:var(--color-content-heading);--title-bg-color:var(--color-content-bg-alt);--content-color:var(--color-content-text);--content-bg-color:var(--color-content-bg);--popup-width:600px;--popup-padding:5%;\"><div class=\"w-popup-box animation_fadeIn closerpos_outside with_title\"><div class=\"w-popup-box-h\"><div class=\"w-popup-box-title\">LEEYEE Produkte 2026<\/div><div class=\"w-popup-box-content\"><div class=\"wpcf7 no-js\" id=\"wpcf7-f27543-o2\" lang=\"en-US\" dir=\"ltr\" data-wpcf7-id=\"27543\">\n<div class=\"screen-reader-response\"><p role=\"status\" aria-live=\"polite\" aria-atomic=\"true\"><\/p> <ul><\/ul><\/div>\n<form action=\"\/de\/wp-json\/wp\/v2\/pages\/83#wpcf7-f27543-o2\" method=\"post\" class=\"wpcf7-form init\" aria-label=\"Kontakt-Formular\" novalidate=\"novalidate\" data-status=\"init\" data-trp-original-action=\"\/de\/wp-json\/wp\/v2\/pages\/83#wpcf7-f27543-o2\">\n<fieldset class=\"hidden-fields-container\"><input type=\"hidden\" name=\"_wpcf7\" value=\"27543\" \/><input type=\"hidden\" name=\"_wpcf7_version\" value=\"6.1.5\" \/><input type=\"hidden\" name=\"_wpcf7_locale\" value=\"en_US\" \/><input type=\"hidden\" name=\"_wpcf7_unit_tag\" value=\"wpcf7-f27543-o2\" \/><input type=\"hidden\" name=\"_wpcf7_container_post\" value=\"0\" \/><input type=\"hidden\" name=\"_wpcf7_posted_data_hash\" value=\"\" \/><input type=\"hidden\" name=\"_wpcf7dtx_version\" value=\"5.0.5\" \/><input type=\"hidden\" name=\"_wpcf7_recaptcha_response\" value=\"\" \/>\n<\/fieldset>\n<div class=\"outer\">\n\t<div class=\"inner\">\n\t\t<p><span class=\"wpcf7-form-control-wrap\" data-name=\"your-name\"><input size=\"40\" maxlength=\"400\" class=\"wpcf7-form-control wpcf7-text wpcf7-validates-as-required\" aria-required=\"true\" aria-invalid=\"false\" placeholder=\"Ihr Name*\" value=\"\" type=\"text\" name=\"your-name\" \/><\/span>\n\t\t<\/p>\n\t<\/div>\n\t<div class=\"inner\">\n\t\t<p><span class=\"wpcf7-form-control-wrap\" data-name=\"your-email\"><input size=\"40\" maxlength=\"400\" class=\"wpcf7-form-control wpcf7-email wpcf7-validates-as-required wpcf7-text wpcf7-validates-as-email\" aria-required=\"true\" aria-invalid=\"false\" placeholder=\"E-Mail Adresse*\" value=\"\" type=\"email\" name=\"your-email\" \/><\/span>\n\t\t<\/p>\n\t<\/div>\n<\/div>\n<div class=\"outer\">\n\t<div class=\"inner\">\n\t\t<p><span class=\"wpcf7-form-control-wrap\" data-name=\"your-tel\"><input size=\"40\" maxlength=\"400\" class=\"wpcf7-form-control wpcf7-tel wpcf7-validates-as-required wpcf7-text wpcf7-validates-as-tel\" aria-required=\"true\" aria-invalid=\"false\" placeholder=\"Ihr Telefon*\" value=\"\" type=\"tel\" name=\"your-tel\" \/><\/span>\n\t\t<\/p>\n\t<\/div>\n\t<div class=\"inner\">\n\t\t<p><span class=\"wpcf7-form-control-wrap\" data-name=\"your-company\"><input size=\"40\" maxlength=\"400\" class=\"wpcf7-form-control wpcf7-text\" aria-invalid=\"false\" placeholder=\"Ihr Unternehmen*\" value=\"\" type=\"text\" name=\"your-company\" \/><\/span>\n\t\t<\/p>\n\t<\/div>\n<\/div>\n<div>\n\t<p><span class=\"wpcf7-form-control-wrap\" data-name=\"your-message\"><textarea cols=\"40\" rows=\"10\" maxlength=\"2000\" class=\"wpcf7-form-control wpcf7-textarea wpcf7-validates-as-required\" aria-required=\"true\" aria-invalid=\"false\" placeholder=\"Nennen Sie uns Ihren Bedarf so genau wie m\u00f6glich*\" name=\"your-message\"><\/textarea><\/span>\n\t<\/p>\n<\/div>\n<div style=\"display:none\">\n<span class=\"wpcf7-form-control-wrap your-url\" data-name=\"your-url\"><input type=\"hidden\" name=\"your-url\" class=\"wpcf7-form-control wpcf7-hidden wpcf7dtx wpcf7dtx-hidden\" aria-invalid=\"false\" value=\"https:\/\/www.cnspd.com\/de\/de\/wp-json\/wp\/v2\/pages\/83\"><\/span>\n<\/div>\n<div class=\"form-button\">\n\t<p><input class=\"wpcf7-form-control wpcf7-submit has-spinner\" type=\"submit\" value=\"Nachricht senden\" \/>\n\t<\/p>\n<\/div><div class=\"wpcf7-response-output\" aria-hidden=\"true\"><\/div>\n<input type=\"hidden\" name=\"trp-form-language\" value=\"de\"\/><\/form>\n<\/div>\n<\/div><\/div><\/div><div class=\"w-popup-closer\"><\/div><\/div><\/div><\/div><\/div><div class=\"wpb_column vc_column_container\"><div class=\"vc_column-inner\"><\/div><\/div><div class=\"wpb_column vc_column_container\"><div class=\"vc_column-inner\"><\/div><\/div><\/div><\/div><\/div><\/div><\/div><\/section>","protected":false},"excerpt":{"rendered":"Home SeitenKatalog DownloadAufgrund unserer langj\u00e4hrigen Branchenerfahrung verf\u00fcgen wir \u00fcber ein tiefes Verst\u00e4ndnis des Marktes f\u00fcr elektrische Produkte und sind in der Lage, schnell auf Marktver\u00e4nderungen zu reagieren und die Bed\u00fcrfnisse unserer Kunden zu erf\u00fcllen. LEEYEE SPD CATALOGDownloadLEEYEE Produkte 2026 LEEYEE MCB CATALOGDownloadLEEYEE Produkte 2026","protected":false},"author":12,"featured_media":0,"parent":0,"menu_order":43,"comment_status":"closed","ping_status":"closed","template":"","meta":{"footnotes":""},"class_list":["post-83","page","type-page","status-publish","hentry"],"acf":[],"yoast_head":"<!-- This site is optimized with the Yoast SEO plugin v27.2 - https:\/\/yoast.com\/product\/yoast-seo-wordpress\/ -->\n<title>Catalog Download - Surge Protector, Surge Arrestor, Isolating Switch - LEEYEE<\/title>\n<meta name=\"description\" content=\"Check out our professional Catalog Download at LEEYEE Electrics for Surge Protector, Surge Arrestor, Isolating Switch - LEEYEE .\" \/>\n<meta name=\"robots\" content=\"index, follow, max-snippet:-1, max-image-preview:large, max-video-preview:-1\" \/>\n<link rel=\"canonical\" href=\"https:\/\/www.cnspd.com\/de\/download-category\/all\/\" \/>\n<meta property=\"og:locale\" content=\"de_DE\" \/>\n<meta property=\"og:type\" content=\"article\" \/>\n<meta property=\"og:title\" content=\"Catalog Download - Surge Protector, Surge Arrestor, Isolating Switch - LEEYEE\" \/>\n<meta property=\"og:description\" content=\"Check out our professional Catalog Download at LEEYEE Electrics for Surge Protector, Surge Arrestor, Isolating Switch - LEEYEE .\" \/>\n<meta property=\"og:url\" content=\"https:\/\/www.cnspd.com\/de\/download-category\/all\/\" \/>\n<meta property=\"og:site_name\" content=\"Surge Protector, Surge Arrestor, Isolating Switch - LEEYEE\" \/>\n<meta property=\"article:modified_time\" content=\"2026-01-08T02:09:52+00:00\" \/>\n<meta name=\"twitter:card\" content=\"summary_large_image\" \/>\n<meta name=\"twitter:label1\" content=\"Gesch\u00e4tzte Lesezeit\" \/>\n\t<meta name=\"twitter:data1\" content=\"1\u00a0Minute\" \/>\n<script type=\"application\/ld+json\" class=\"yoast-schema-graph\">{\"@context\":\"https:\/\/schema.org\",\"@graph\":[{\"@type\":\"WebPage\",\"@id\":\"https:\/\/www.cnspd.com\/download-category\/all\/\",\"url\":\"https:\/\/www.cnspd.com\/download-category\/all\/\",\"name\":\"Catalog Download - Surge Protector, Surge Arrestor, Isolating Switch - LEEYEE\",\"isPartOf\":{\"@id\":\"https:\/\/www.cnspd.com\/#website\"},\"datePublished\":\"2023-04-20T09:39:45+00:00\",\"dateModified\":\"2026-01-08T02:09:52+00:00\",\"description\":\"Check out our professional Catalog Download at LEEYEE Electrics for Surge Protector, Surge Arrestor, Isolating Switch - LEEYEE .\",\"breadcrumb\":{\"@id\":\"https:\/\/www.cnspd.com\/download-category\/all\/#breadcrumb\"},\"inLanguage\":\"de\",\"potentialAction\":[{\"@type\":\"ReadAction\",\"target\":[\"https:\/\/www.cnspd.com\/download-category\/all\/\"]}]},{\"@type\":\"BreadcrumbList\",\"@id\":\"https:\/\/www.cnspd.com\/download-category\/all\/#breadcrumb\",\"itemListElement\":[{\"@type\":\"ListItem\",\"position\":1,\"name\":\"Home\",\"item\":\"https:\/\/www.cnspd.com\/\"},{\"@type\":\"ListItem\",\"position\":2,\"name\":\"Catalog Download\"}]},{\"@type\":\"WebSite\",\"@id\":\"https:\/\/www.cnspd.com\/#website\",\"url\":\"https:\/\/www.cnspd.com\/\",\"name\":\"Surge Protector, Surge Arrestor, Isolating Switch - LEEYEE\",\"description\":\"Surge Protector, Surge Arrestor, Isolating Switch - LEEYEE\",\"potentialAction\":[{\"@type\":\"SearchAction\",\"target\":{\"@type\":\"EntryPoint\",\"urlTemplate\":\"https:\/\/www.cnspd.com\/?s={search_term_string}\"},\"query-input\":{\"@type\":\"PropertyValueSpecification\",\"valueRequired\":true,\"valueName\":\"search_term_string\"}}],\"inLanguage\":\"de\"}]}<\/script>\n<!-- \/ Yoast SEO plugin. -->","yoast_head_json":{"title":"Katalog Download - \u00dcberspannungsschutz, \u00dcberspannungsableiter, Isolierschalter - LEEYEE","description":"Sehen Sie sich unseren professionellen Katalog-Download bei LEEYEE Electrics f\u00fcr \u00dcberspannungsschutz, \u00dcberspannungsableiter, Trennschalter - LEEYEE an.","robots":{"index":"index","follow":"follow","max-snippet":"max-snippet:-1","max-image-preview":"max-image-preview:large","max-video-preview":"max-video-preview:-1"},"canonical":"https:\/\/www.cnspd.com\/de\/download-category\/all\/","og_locale":"de_DE","og_type":"article","og_title":"Catalog Download - Surge Protector, Surge Arrestor, Isolating Switch - LEEYEE","og_description":"Check out our professional Catalog Download at LEEYEE Electrics for Surge Protector, Surge Arrestor, Isolating Switch - LEEYEE .","og_url":"https:\/\/www.cnspd.com\/de\/download-category\/all\/","og_site_name":"Surge Protector, Surge Arrestor, Isolating Switch - LEEYEE","article_modified_time":"2026-01-08T02:09:52+00:00","twitter_card":"summary_large_image","twitter_misc":{"Gesch\u00e4tzte Lesezeit":"1\u00a0Minute"},"schema":{"@context":"https:\/\/schema.org","@graph":[{"@type":"WebPage","@id":"https:\/\/www.cnspd.com\/download-category\/all\/","url":"https:\/\/www.cnspd.com\/download-category\/all\/","name":"Katalog Download - \u00dcberspannungsschutz, \u00dcberspannungsableiter, Isolierschalter - LEEYEE","isPartOf":{"@id":"https:\/\/www.cnspd.com\/#website"},"datePublished":"2023-04-20T09:39:45+00:00","dateModified":"2026-01-08T02:09:52+00:00","description":"Sehen Sie sich unseren professionellen Katalog-Download bei LEEYEE Electrics f\u00fcr \u00dcberspannungsschutz, \u00dcberspannungsableiter, Trennschalter - LEEYEE an.","breadcrumb":{"@id":"https:\/\/www.cnspd.com\/download-category\/all\/#breadcrumb"},"inLanguage":"de","potentialAction":[{"@type":"ReadAction","target":["https:\/\/www.cnspd.com\/download-category\/all\/"]}]},{"@type":"BreadcrumbList","@id":"https:\/\/www.cnspd.com\/download-category\/all\/#breadcrumb","itemListElement":[{"@type":"ListItem","position":1,"name":"Home","item":"https:\/\/www.cnspd.com\/"},{"@type":"ListItem","position":2,"name":"Catalog Download"}]},{"@type":"WebSite","@id":"https:\/\/www.cnspd.com\/#website","url":"https:\/\/www.cnspd.com\/","name":"\u00dcberspannungsschutz, \u00dcberspannungsableiter, Isolierschalter - LEEYEE","description":"\u00dcberspannungsschutz, \u00dcberspannungsableiter, Isolierschalter - LEEYEE","potentialAction":[{"@type":"SearchAction","target":{"@type":"EntryPoint","urlTemplate":"https:\/\/www.cnspd.com\/?s={search_term_string}"},"query-input":{"@type":"PropertyValueSpecification","valueRequired":true,"valueName":"search_term_string"}}],"inLanguage":"de"}]}},"_links":{"self":[{"href":"https:\/\/www.cnspd.com\/de\/wp-json\/wp\/v2\/pages\/83","targetHints":{"allow":["GET"]}}],"collection":[{"href":"https:\/\/www.cnspd.com\/de\/wp-json\/wp\/v2\/pages"}],"about":[{"href":"https:\/\/www.cnspd.com\/de\/wp-json\/wp\/v2\/types\/page"}],"author":[{"embeddable":true,"href":"https:\/\/www.cnspd.com\/de\/wp-json\/wp\/v2\/users\/12"}],"replies":[{"embeddable":true,"href":"https:\/\/www.cnspd.com\/de\/wp-json\/wp\/v2\/comments?post=83"}],"version-history":[{"count":0,"href":"https:\/\/www.cnspd.com\/de\/wp-json\/wp\/v2\/pages\/83\/revisions"}],"wp:attachment":[{"href":"https:\/\/www.cnspd.com\/de\/wp-json\/wp\/v2\/media?parent=83"}],"curies":[{"name":"wp","href":"https:\/\/api.w.org\/{rel}","templated":true}]}}