{"id":10,"date":"2023-04-18T09:31:40","date_gmt":"2023-04-18T01:31:40","guid":{"rendered":"https:\/\/wp.qhdl.cn\/?page_id=10"},"modified":"2025-12-02T14:21:39","modified_gmt":"2025-12-02T06:21:39","slug":"contact","status":"publish","type":"page","link":"https:\/\/www.cnspd.com\/es\/pongase-en-contacto-con\/","title":{"rendered":"P\u00f3ngase en contacto con"},"content":{"rendered":"<section class=\"l-section wpb_row us_custom_7fd12569 banner-r height_huge color_secondary with_img parallax_fixed\"><div class=\"l-section-img\" role=\"img\" data-img-width=\"1903\" data-img-height=\"1000\" style=\"background-image: url(https:\/\/www.cnspd.com\/wp-content\/uploads\/2024\/06\/bg-2.jpg);background-repeat: no-repeat;\"><\/div><div class=\"l-section-h i-cf\"><div class=\"g-cols vc_row via_grid cols_1 laptops-cols_inherit tablets-cols_1 mobiles-cols_1 valign_top type_default reversed stacking_default\" style=\"--columns-gap:0rem;\"><div class=\"wpb_column vc_column_container us_custom_fd43344c\"><div class=\"vc_column-inner\"><nav class=\"g-breadcrumbs us_custom_6df4bc3a has_text_color separator_icon align_none\" itemscope itemtype=\"http:\/\/schema.org\/BreadcrumbList\"><div class=\"g-breadcrumbs-item\" itemscope itemprop=\"itemListElement\" itemtype=\"http:\/\/schema.org\/ListItem\"><a itemprop=\"item\" href=\"https:\/\/www.cnspd.com\/es\/\"><span itemprop=\"name\">Inicio<\/span><\/a><meta itemprop=\"position\" content=\"1\"\/><\/div><div class=\"g-breadcrumbs-separator\"><i class=\"far fa-angle-right\"><\/i><\/div><div class=\"g-breadcrumbs-item\">P\u00e1ginas<\/div><\/nav><div class=\"w-separator size_small\"><\/div><h1 class=\"w-post-elm post_title us_custom_aed56c27 align_left entry-title color_link_inherit\">P\u00f3ngase en contacto con<\/h1><div class=\"w-hwrapper valign_middle wrap align_none\" style=\"--hwrapper-gap:3rem\"><div class=\"wpb_text_column us_custom_e0a0b643\"><div class=\"wpb_wrapper\"><p>Est\u00e9 donde est\u00e9, nuestra red mundial de servicios le garantiza la asistencia y el servicio m\u00e1s r\u00e1pidos y fiables.<\/p>\n<\/div><\/div><\/div><\/div><\/div><\/div><\/div><\/section><section class=\"l-section wpb_row height_large\"><div class=\"l-section-h i-cf\"><div class=\"g-cols vc_row via_grid cols_2 laptops-cols_inherit tablets-cols_inherit mobiles-cols_1 valign_top type_default stacking_default\" style=\"--columns-gap:1.5rem;\"><div class=\"wpb_column vc_column_container\"><div class=\"vc_column-inner\"><h2 class=\"w-text\"><span class=\"w-text-h\"><span class=\"w-text-value\">P\u00f3ngase en contacto<\/span><\/span><\/h2><div class=\"wpb_text_column\"><div class=\"wpb_wrapper\"><div class=\"wpb_text_column\">\n<div class=\"wpb_wrapper\">\n<p>No dude en ponerse en contacto con nosotros para cualquier pregunta, presupuesto o asesoramiento especializado. Nuestros veteranos del sector est\u00e1n a su disposici\u00f3n para orientarle en sus necesidades espec\u00edficas.<\/p>\n<\/div>\n<\/div>\n<\/div><\/div>\n<div class=\"wpcf7 no-js us_custom_4e3ce60a\" id=\"wpcf7-f125-o1\" lang=\"en-US\" dir=\"ltr\" data-wpcf7-id=\"125\">\n<div class=\"screen-reader-response\"><p role=\"status\" aria-live=\"polite\" aria-atomic=\"true\"><\/p> <ul><\/ul><\/div>\n<form action=\"\/es\/wp-json\/wp\/v2\/pages\/10#wpcf7-f125-o1\" method=\"post\" class=\"wpcf7-form init\" aria-label=\"Formulario de contacto\" novalidate=\"novalidate\" data-status=\"init\" data-trp-original-action=\"\/es\/wp-json\/wp\/v2\/pages\/10#wpcf7-f125-o1\">\n<fieldset class=\"hidden-fields-container\"><input type=\"hidden\" name=\"_wpcf7\" value=\"125\" \/><input type=\"hidden\" name=\"_wpcf7_version\" value=\"6.1.5\" \/><input type=\"hidden\" name=\"_wpcf7_locale\" value=\"en_US\" \/><input type=\"hidden\" name=\"_wpcf7_unit_tag\" value=\"wpcf7-f125-o1\" \/><input type=\"hidden\" name=\"_wpcf7_container_post\" value=\"0\" \/><input type=\"hidden\" name=\"_wpcf7_posted_data_hash\" value=\"\" \/><input type=\"hidden\" name=\"_wpcf7dtx_version\" value=\"5.0.5\" \/><input type=\"hidden\" name=\"_wpcf7_recaptcha_response\" value=\"\" \/>\n<\/fieldset>\n<div class=\"outer\">\n\t<div class=\"inner\">\n\t\t<p><span class=\"wpcf7-form-control-wrap\" data-name=\"your-name\"><input size=\"40\" maxlength=\"400\" class=\"wpcf7-form-control wpcf7-text wpcf7-validates-as-required\" aria-required=\"true\" aria-invalid=\"false\" placeholder=\"Su nombre*\" value=\"\" type=\"text\" name=\"your-name\" \/><\/span>\n\t\t<\/p>\n\t<\/div>\n\t<div class=\"inner\">\n\t\t<p><span class=\"wpcf7-form-control-wrap\" data-name=\"your-email\"><input size=\"40\" maxlength=\"400\" class=\"wpcf7-form-control wpcf7-email wpcf7-validates-as-required wpcf7-text wpcf7-validates-as-email\" aria-required=\"true\" aria-invalid=\"false\" placeholder=\"Direcci\u00f3n de correo electr\u00f3nico\" value=\"\" type=\"email\" name=\"your-email\" \/><\/span>\n\t\t<\/p>\n\t<\/div>\n<\/div>\n<div>\n\t<p><span class=\"wpcf7-form-control-wrap\" data-name=\"your-message\"><textarea cols=\"40\" rows=\"10\" maxlength=\"2000\" class=\"wpcf7-form-control wpcf7-textarea wpcf7-validates-as-required\" aria-required=\"true\" aria-invalid=\"false\" placeholder=\"Ind\u00edquenos su necesidad de la forma m\u00e1s concreta posible*.\" name=\"your-message\"><\/textarea><\/span>\n\t<\/p>\n<\/div>\n<div style=\"display:none\">\n<span class=\"wpcf7-form-control-wrap your-url\" data-name=\"your-url\"><input type=\"hidden\" name=\"your-url\" class=\"wpcf7-form-control wpcf7-hidden wpcf7dtx wpcf7dtx-hidden\" aria-invalid=\"false\" value=\"https:\/\/www.cnspd.com\/es\/es\/wp-json\/wp\/v2\/pages\/10\"><\/span>\n<\/div>\n<div class=\"form-button\">\n\t<p><input class=\"wpcf7-form-control wpcf7-submit has-spinner\" type=\"submit\" value=\"Enviar mensaje\" \/>\n\t<\/p>\n<\/div><div class=\"wpcf7-response-output\" aria-hidden=\"true\"><\/div>\n<input type=\"hidden\" name=\"trp-form-language\" value=\"es\"\/><\/form>\n<\/div>\n<\/div><\/div><div class=\"wpb_column vc_column_container\"><div class=\"vc_column-inner\"><h3 class=\"w-text\"><span class=\"w-text-h\"><span class=\"w-text-value\">Sede central<\/span><\/span><\/h3><div class=\"w-iconbox iconpos_left style_outlined color_primary align_none no_title\"><div class=\"w-iconbox-icon\" style=\"font-size:1rem;\"><i class=\"fas fa-home\"><\/i><\/div><div class=\"w-iconbox-meta\"><div class=\"w-iconbox-text\"><div class=\"w-iconbox us_custom_63cefbdf iconpos_left style_default color_primary align_left no_title\">\n<div class=\"w-iconbox-meta\">\n<div class=\"w-iconbox-text\">\n<p><strong>Wenzhou Leeyee Electric Co., Ltd.<\/strong><\/p>\n<\/div>\n<\/div>\n<\/div>\n<\/div><\/div><\/div><div class=\"w-iconbox us_custom_aec7dde0 iconpos_left style_outlined color_primary align_none no_title\"><div class=\"w-iconbox-icon\" style=\"font-size:1rem;\"><i class=\"fas fa-map-marker\"><\/i><\/div><div class=\"w-iconbox-meta\"><div class=\"w-iconbox-text\"><div class=\"w-iconbox us_custom_63cefbdf iconpos_left style_default color_primary align_left no_title\">\n<div class=\"w-iconbox-meta\">\n<div class=\"w-iconbox-text\">\n<div class=\"w-iconbox us_custom_88b80666 iconpos_left style_default color_primary align_left no_title\">\n<div class=\"w-iconbox-meta\">\n<div class=\"w-iconbox-text\">\n<p><strong>No.1 Xingye road, Dagang industrial zone,Beibaixiang town, Yueqing, Zhejiang,China.<\/strong><\/p>\n<\/div>\n<\/div>\n<\/div>\n<\/div>\n<\/div>\n<\/div>\n<\/div><\/div><\/div><div class=\"w-iconbox us_custom_aec7dde0 iconpos_left style_outlined color_primary align_none no_title\"><div class=\"w-iconbox-icon\" style=\"font-size:1rem;\"><i class=\"fas fa-envelope\"><\/i><\/div><div class=\"w-iconbox-meta\"><div class=\"w-iconbox-text\"><p><strong><a href=\"mailto:spd@cnspd.com\">spd@cnspd.com<\/a><\/strong><\/p>\n<\/div><\/div><\/div><div class=\"w-iconbox us_custom_aec7dde0 iconpos_left style_outlined color_primary align_none no_title\"><div class=\"w-iconbox-icon\" style=\"font-size:1rem;\"><i class=\"fas fa-envelope\"><\/i><\/div><div class=\"w-iconbox-meta\"><div class=\"w-iconbox-text\"><p><strong><a href=\"mailto:devin@cnspd.com\">devin@cnspd.com<\/a><\/strong><\/p>\n<\/div><\/div><\/div><div class=\"w-iconbox us_custom_aec7dde0 iconpos_left style_outlined color_primary align_none no_title\"><div class=\"w-iconbox-icon\" style=\"font-size:1rem;\"><i class=\"fas fa-phone\"><\/i><\/div><div class=\"w-iconbox-meta\"><div class=\"w-iconbox-text\"><p><strong><a href=\"tel:8613868898381\">+86-13868898381<\/a><\/strong><\/p>\n<\/div><\/div><\/div><div class=\"w-separator size_small\"><\/div><h3 class=\"w-text\"><span class=\"w-text-h\"><span class=\"w-text-value\">CORPORACI\u00d3N JUBILEO<\/span><\/span><\/h3><div class=\"g-cols wpb_row us_custom_e390b034 via_grid cols_1 laptops-cols_inherit tablets-cols_inherit mobiles-cols_1 valign_top type_default stacking_default\" style=\"--columns-gap:3rem;\"><div class=\"wpb_column vc_column_container us_custom_a4ebe4e2\"><div class=\"vc_column-inner\"><div class=\"w-iconbox us_custom_aec7dde0 iconpos_left style_outlined color_primary align_none no_title\"><div class=\"w-iconbox-icon\" style=\"font-size:1rem;\"><i class=\"fas fa-map-marker\"><\/i><\/div><div class=\"w-iconbox-meta\"><div class=\"w-iconbox-text\"><div class=\"w-iconbox us_custom_63cefbdf iconpos_left style_default color_primary align_left no_title\">\n<div class=\"w-iconbox-meta\">\n<div class=\"w-iconbox-text\">\n<div class=\"w-iconbox us_custom_88b80666 iconpos_left style_default color_primary align_left no_title\">\n<div class=\"w-iconbox-meta\">\n<div class=\"w-iconbox-text\">\n<p><strong>Primera planta, Fakhri Trade Centre, Shahrah-e-Liaquat, Karachi<\/strong><\/p>\n<\/div>\n<\/div>\n<\/div>\n<\/div>\n<\/div>\n<\/div>\n<\/div><\/div><\/div><div class=\"w-iconbox us_custom_aec7dde0 iconpos_left style_outlined color_primary align_none no_title\"><div class=\"w-iconbox-icon\" style=\"font-size:1rem;\"><i class=\"fas fa-users\"><\/i><\/div><div class=\"w-iconbox-meta\"><div class=\"w-iconbox-text\"><p><strong>Sr. Adnan Sheriff (Director)<\/strong><\/p>\n<\/div><\/div><\/div><div class=\"w-iconbox us_custom_aec7dde0 iconpos_left style_outlined color_primary align_none no_title\"><div class=\"w-iconbox-icon\" style=\"font-size:1rem;\"><i class=\"fas fa-envelope\"><\/i><\/div><div class=\"w-iconbox-meta\"><div class=\"w-iconbox-text\"><p><strong><a href=\"mailto:jubilee.corp@jubileecorporation.com\">jubilee.corp@jubileecorporation.com<\/a><\/strong><\/p>\n<\/div><\/div><\/div><div class=\"w-iconbox us_custom_aec7dde0 iconpos_left style_outlined color_primary align_none no_title\"><div class=\"w-iconbox-icon\" style=\"font-size:1rem;\"><i class=\"fas fa-phone\"><\/i><\/div><div class=\"w-iconbox-meta\"><div class=\"w-iconbox-text\"><p><strong>+92 21 3260 2200-07<\/strong><\/p>\n<\/div><\/div><\/div><\/div><\/div><\/div><\/div><\/div><\/div><\/div><\/section>","protected":false},"excerpt":{"rendered":"InicioP\u00e1ginasContactoNo importa d\u00f3nde se encuentre, nuestra red de servicio global le garantiza la asistencia y el servicio m\u00e1s r\u00e1pidos y fiables. P\u00f3ngase en contacto No dude en ponerse en contacto para cualquier pregunta, presupuesto o asesoramiento especializado. Nuestros veteranos de la industria est\u00e1n a su disposici\u00f3n para guiarle en sus necesidades espec\u00edficas. Sede central Wenzhou Leeyee Electric Co., Ltd. No.1 Xingye road,...","protected":false},"author":12,"featured_media":0,"parent":0,"menu_order":60,"comment_status":"closed","ping_status":"closed","template":"","meta":{"footnotes":""},"class_list":["post-10","page","type-page","status-publish","hentry"],"acf":[],"yoast_head":"<!-- This site is optimized with the Yoast SEO plugin v27.2 - https:\/\/yoast.com\/product\/yoast-seo-wordpress\/ -->\n<title>Contact - Surge Protector, Surge Arrestor, Isolating Switch - LEEYEE<\/title>\n<meta name=\"description\" content=\"Check out our professional Contact at LEEYEE Electrics for Surge Protector, Surge Arrestor, Isolating Switch - LEEYEE .\" \/>\n<meta name=\"robots\" content=\"index, follow, max-snippet:-1, max-image-preview:large, max-video-preview:-1\" \/>\n<link rel=\"canonical\" href=\"https:\/\/www.cnspd.com\/es\/pongase-en-contacto-con\/\" \/>\n<meta property=\"og:locale\" content=\"es_ES\" \/>\n<meta property=\"og:type\" content=\"article\" \/>\n<meta property=\"og:title\" content=\"Contact - Surge Protector, Surge Arrestor, Isolating Switch - LEEYEE\" \/>\n<meta property=\"og:description\" content=\"Check out our professional Contact at LEEYEE Electrics for Surge Protector, Surge Arrestor, Isolating Switch - LEEYEE .\" \/>\n<meta property=\"og:url\" content=\"https:\/\/www.cnspd.com\/es\/pongase-en-contacto-con\/\" \/>\n<meta property=\"og:site_name\" content=\"Surge Protector, Surge Arrestor, Isolating Switch - LEEYEE\" \/>\n<meta property=\"article:modified_time\" content=\"2025-12-02T06:21:39+00:00\" \/>\n<meta name=\"twitter:card\" content=\"summary_large_image\" \/>\n<meta name=\"twitter:label1\" content=\"Tiempo de lectura\" \/>\n\t<meta name=\"twitter:data1\" content=\"2 minutos\" \/>\n<script type=\"application\/ld+json\" class=\"yoast-schema-graph\">{\"@context\":\"https:\/\/schema.org\",\"@graph\":[{\"@type\":\"WebPage\",\"@id\":\"https:\/\/www.cnspd.com\/contact\/\",\"url\":\"https:\/\/www.cnspd.com\/contact\/\",\"name\":\"Contact - Surge Protector, Surge Arrestor, Isolating Switch - LEEYEE\",\"isPartOf\":{\"@id\":\"https:\/\/www.cnspd.com\/#website\"},\"datePublished\":\"2023-04-18T01:31:40+00:00\",\"dateModified\":\"2025-12-02T06:21:39+00:00\",\"description\":\"Check out our professional Contact at LEEYEE Electrics for Surge Protector, Surge Arrestor, Isolating Switch - LEEYEE .\",\"breadcrumb\":{\"@id\":\"https:\/\/www.cnspd.com\/contact\/#breadcrumb\"},\"inLanguage\":\"es\",\"potentialAction\":[{\"@type\":\"ReadAction\",\"target\":[\"https:\/\/www.cnspd.com\/contact\/\"]}]},{\"@type\":\"BreadcrumbList\",\"@id\":\"https:\/\/www.cnspd.com\/contact\/#breadcrumb\",\"itemListElement\":[{\"@type\":\"ListItem\",\"position\":1,\"name\":\"Home\",\"item\":\"https:\/\/www.cnspd.com\/\"},{\"@type\":\"ListItem\",\"position\":2,\"name\":\"Contact\"}]},{\"@type\":\"WebSite\",\"@id\":\"https:\/\/www.cnspd.com\/#website\",\"url\":\"https:\/\/www.cnspd.com\/\",\"name\":\"Surge Protector, Surge Arrestor, Isolating Switch - LEEYEE\",\"description\":\"Surge Protector, Surge Arrestor, Isolating Switch - LEEYEE\",\"potentialAction\":[{\"@type\":\"SearchAction\",\"target\":{\"@type\":\"EntryPoint\",\"urlTemplate\":\"https:\/\/www.cnspd.com\/?s={search_term_string}\"},\"query-input\":{\"@type\":\"PropertyValueSpecification\",\"valueRequired\":true,\"valueName\":\"search_term_string\"}}],\"inLanguage\":\"es\"}]}<\/script>\n<!-- \/ Yoast SEO plugin. -->","yoast_head_json":{"title":"Contacto - Protector contra sobretensiones, supresor de sobretensiones, interruptor de aislamiento - LEEYEE","description":"Consulte nuestro Contacto profesional en LEEYEE Electrics para Protector contra sobretensiones, supresor de sobretensiones, interruptor de aislamiento - LEEYEE .","robots":{"index":"index","follow":"follow","max-snippet":"max-snippet:-1","max-image-preview":"max-image-preview:large","max-video-preview":"max-video-preview:-1"},"canonical":"https:\/\/www.cnspd.com\/es\/pongase-en-contacto-con\/","og_locale":"es_ES","og_type":"article","og_title":"Contact - Surge Protector, Surge Arrestor, Isolating Switch - LEEYEE","og_description":"Check out our professional Contact at LEEYEE Electrics for Surge Protector, Surge Arrestor, Isolating Switch - LEEYEE .","og_url":"https:\/\/www.cnspd.com\/es\/pongase-en-contacto-con\/","og_site_name":"Surge Protector, Surge Arrestor, Isolating Switch - LEEYEE","article_modified_time":"2025-12-02T06:21:39+00:00","twitter_card":"summary_large_image","twitter_misc":{"Tiempo de lectura":"2 minutos"},"schema":{"@context":"https:\/\/schema.org","@graph":[{"@type":"WebPage","@id":"https:\/\/www.cnspd.com\/contact\/","url":"https:\/\/www.cnspd.com\/contact\/","name":"Contacto - Protector contra sobretensiones, supresor de sobretensiones, interruptor de aislamiento - LEEYEE","isPartOf":{"@id":"https:\/\/www.cnspd.com\/#website"},"datePublished":"2023-04-18T01:31:40+00:00","dateModified":"2025-12-02T06:21:39+00:00","description":"Consulte nuestro Contacto profesional en LEEYEE Electrics para Protector contra sobretensiones, supresor de sobretensiones, interruptor de aislamiento - LEEYEE .","breadcrumb":{"@id":"https:\/\/www.cnspd.com\/contact\/#breadcrumb"},"inLanguage":"es","potentialAction":[{"@type":"ReadAction","target":["https:\/\/www.cnspd.com\/contact\/"]}]},{"@type":"BreadcrumbList","@id":"https:\/\/www.cnspd.com\/contact\/#breadcrumb","itemListElement":[{"@type":"ListItem","position":1,"name":"Home","item":"https:\/\/www.cnspd.com\/"},{"@type":"ListItem","position":2,"name":"Contact"}]},{"@type":"WebSite","@id":"https:\/\/www.cnspd.com\/#website","url":"https:\/\/www.cnspd.com\/","name":"Protector contra sobretensiones, supresor de sobretensiones, interruptor de aislamiento - LEEYEE","description":"Protector contra sobretensiones, supresor de sobretensiones, interruptor de aislamiento - LEEYEE","potentialAction":[{"@type":"SearchAction","target":{"@type":"EntryPoint","urlTemplate":"https:\/\/www.cnspd.com\/?s={search_term_string}"},"query-input":{"@type":"PropertyValueSpecification","valueRequired":true,"valueName":"search_term_string"}}],"inLanguage":"es"}]}},"_links":{"self":[{"href":"https:\/\/www.cnspd.com\/es\/wp-json\/wp\/v2\/pages\/10","targetHints":{"allow":["GET"]}}],"collection":[{"href":"https:\/\/www.cnspd.com\/es\/wp-json\/wp\/v2\/pages"}],"about":[{"href":"https:\/\/www.cnspd.com\/es\/wp-json\/wp\/v2\/types\/page"}],"author":[{"embeddable":true,"href":"https:\/\/www.cnspd.com\/es\/wp-json\/wp\/v2\/users\/12"}],"replies":[{"embeddable":true,"href":"https:\/\/www.cnspd.com\/es\/wp-json\/wp\/v2\/comments?post=10"}],"version-history":[{"count":0,"href":"https:\/\/www.cnspd.com\/es\/wp-json\/wp\/v2\/pages\/10\/revisions"}],"wp:attachment":[{"href":"https:\/\/www.cnspd.com\/es\/wp-json\/wp\/v2\/media?parent=10"}],"curies":[{"name":"wp","href":"https:\/\/api.w.org\/{rel}","templated":true}]}}