{"id":25,"date":"2023-04-18T10:54:00","date_gmt":"2023-04-18T02:54:00","guid":{"rendered":"https:\/\/wp.qhdl.cn\/?page_id=25"},"modified":"2025-03-26T17:26:03","modified_gmt":"2025-03-26T09:26:03","slug":"videos","status":"publish","type":"page","link":"https:\/\/www.cnspd.com\/es\/videos\/","title":{"rendered":"V\u00eddeos"},"content":{"rendered":"<section class=\"l-section wpb_row us_custom_7fd12569 pageHeaders height_huge color_secondary with_img parallax_fixed\"><div class=\"l-section-img\" role=\"img\" data-img-width=\"1903\" data-img-height=\"1000\" style=\"background-image: url(https:\/\/www.cnspd.com\/wp-content\/uploads\/2024\/06\/bg-4.jpg);background-repeat: no-repeat;\"><\/div><div class=\"l-section-h i-cf\"><div class=\"g-cols vc_row via_grid cols_1 laptops-cols_inherit tablets-cols_1 mobiles-cols_1 valign_top type_default reversed stacking_default\" style=\"--columns-gap:0rem;\"><div class=\"wpb_column vc_column_container us_custom_fd43344c\"><div class=\"vc_column-inner\"><nav class=\"g-breadcrumbs us_custom_6df4bc3a has_text_color separator_icon align_none\" itemscope itemtype=\"http:\/\/schema.org\/BreadcrumbList\"><div class=\"g-breadcrumbs-item\" itemscope itemprop=\"itemListElement\" itemtype=\"http:\/\/schema.org\/ListItem\"><a itemprop=\"item\" href=\"https:\/\/www.cnspd.com\/es\/\"><span itemprop=\"name\">Inicio <\/span><\/a><meta itemprop=\"position\" content=\"1\"\/><\/div><div class=\"g-breadcrumbs-separator\"><i class=\"far fa-angle-right\"><\/i><\/div><div class=\"g-breadcrumbs-item\">P\u00e1ginas<\/div><\/nav><div class=\"w-separator size_small\"><\/div><h1 class=\"w-post-elm post_title us_custom_abc17630 align_left entry-title color_link_inherit\">V\u00eddeos<\/h1><div class=\"w-hwrapper valign_middle wrap align_none\" style=\"--hwrapper-gap:3rem\"><div class=\"wpb_text_column us_custom_e0a0b643\"><div class=\"wpb_wrapper\"><p>Hemos establecido s\u00f3lidas relaciones con los mejores proveedores del sector, lo que garantiza el alto nivel de nuestros productos y la innovaci\u00f3n continua.<\/p>\n<\/div><\/div><\/div><\/div><\/div><\/div><\/div><\/section><section class=\"l-section wpb_row height_large\"><div class=\"l-section-h i-cf\"><div class=\"g-cols vc_row via_grid cols_1 laptops-cols_inherit tablets-cols_inherit mobiles-cols_1 valign_top type_default stacking_default\"><div class=\"wpb_column vc_column_container\"><div class=\"vc_column-inner\"><div class=\"g-cols wpb_row via_grid cols_3 laptops-cols_inherit tablets-cols_inherit mobiles-cols_1 valign_top type_default stacking_default\" style=\"--columns-gap:2rem;\"><div class=\"wpb_column vc_column_container us_custom_0d15be52 has_bg_color\"><div class=\"vc_column-inner\"><div class=\"w-video align_none ratio_initial has_iframe\"><div class=\"w-video-h\"><iframe title=\"Reproductor de v\u00eddeo Youtube\" src=\"\/\/www.youtube.com\/embed\/7en_Rc14c2g?autoplay=0&controls=1&origin=https:\/\/www.cnspd.com\/es&loop=0&mute=0\" allowfullscreen=\"1\" loading=\"lazy\"><\/iframe><\/div><\/div><div class=\"wpb_text_column\"><div class=\"wpb_wrapper\"><p>\u00bfQu\u00e9 es un dispositivo de protecci\u00f3n contra sobretensiones (SPD) y c\u00f3mo funciona?<\/p>\n<\/div><\/div><\/div><\/div><div class=\"wpb_column vc_column_container us_custom_0d15be52 has_bg_color\"><div class=\"vc_column-inner\"><div class=\"w-video align_none ratio_initial has_iframe\"><div class=\"w-video-h\"><iframe title=\"Reproductor de v\u00eddeo Youtube\" src=\"\/\/www.youtube.com\/embed\/EfmeyJ5zkCw?autoplay=0&controls=1&origin=https:\/\/www.cnspd.com\/es&loop=0&mute=0\" allowfullscreen=\"1\" loading=\"lazy\"><\/iframe><\/div><\/div><div class=\"wpb_text_column\"><div class=\"wpb_wrapper\"><p>C\u00f3mo instalar un dispositivo de protecci\u00f3n contra sobretensiones (SPD) en casa<\/p>\n<\/div><\/div><\/div><\/div><div class=\"wpb_column vc_column_container us_custom_0d15be52 has_bg_color\"><div class=\"vc_column-inner\"><div class=\"w-video align_none ratio_initial has_iframe\"><div class=\"w-video-h\"><iframe title=\"Reproductor de v\u00eddeo Youtube\" src=\"\/\/www.youtube.com\/embed\/EShLNyEoqHM?autoplay=0&controls=1&origin=https:\/\/www.cnspd.com\/es&loop=0&mute=0\" allowfullscreen=\"1\" loading=\"lazy\"><\/iframe><\/div><\/div><div class=\"wpb_text_column\"><div class=\"wpb_wrapper\"><p>Protectores contra sobretensiones lo m\u00e1s r\u00e1pido posible<\/p>\n<\/div><\/div><\/div><\/div><\/div><\/div><\/div><\/div><\/div><\/section>","protected":false},"excerpt":{"rendered":"Inicio P\u00e1ginasV\u00eddeosHemos establecido s\u00f3lidas relaciones con los principales proveedores del sector, lo que garantiza el alto nivel de nuestros productos y la innovaci\u00f3n continua. \u00bfQu\u00e9 es un dispositivo de protecci\u00f3n contra sobretensiones (SPD) y c\u00f3mo funciona? C\u00f3mo instalar un dispositivo de protecci\u00f3n contra sobretensiones (SPD) en casa Protectores contra sobretensiones lo m\u00e1s r\u00e1pido posible","protected":false},"author":12,"featured_media":0,"parent":0,"menu_order":52,"comment_status":"closed","ping_status":"closed","template":"","meta":{"footnotes":""},"class_list":["post-25","page","type-page","status-publish","hentry"],"acf":[],"yoast_head":"<!-- This site is optimized with the Yoast SEO plugin v27.2 - https:\/\/yoast.com\/product\/yoast-seo-wordpress\/ -->\n<title>Videos - Surge Protector, Surge Arrestor, Isolating Switch - LEEYEE<\/title>\n<meta name=\"description\" content=\"Check out our professional Videos at LEEYEE Electrics for Surge Protector, Surge Arrestor, Isolating Switch - LEEYEE .\" \/>\n<meta name=\"robots\" content=\"index, follow, max-snippet:-1, max-image-preview:large, max-video-preview:-1\" \/>\n<link rel=\"canonical\" href=\"https:\/\/www.cnspd.com\/es\/videos\/\" \/>\n<meta property=\"og:locale\" content=\"es_ES\" \/>\n<meta property=\"og:type\" content=\"article\" \/>\n<meta property=\"og:title\" content=\"Videos - Surge Protector, Surge Arrestor, Isolating Switch - LEEYEE\" \/>\n<meta property=\"og:description\" content=\"Check out our professional Videos at LEEYEE Electrics for Surge Protector, Surge Arrestor, Isolating Switch - LEEYEE .\" \/>\n<meta property=\"og:url\" content=\"https:\/\/www.cnspd.com\/es\/videos\/\" \/>\n<meta property=\"og:site_name\" content=\"Surge Protector, Surge Arrestor, Isolating Switch - LEEYEE\" \/>\n<meta property=\"article:modified_time\" content=\"2025-03-26T09:26:03+00:00\" \/>\n<meta name=\"twitter:card\" content=\"summary_large_image\" \/>\n<meta name=\"twitter:label1\" content=\"Tiempo de lectura\" \/>\n\t<meta name=\"twitter:data1\" content=\"1 minuto\" \/>\n<script type=\"application\/ld+json\" class=\"yoast-schema-graph\">{\"@context\":\"https:\/\/schema.org\",\"@graph\":[{\"@type\":\"WebPage\",\"@id\":\"https:\/\/www.cnspd.com\/videos\/\",\"url\":\"https:\/\/www.cnspd.com\/videos\/\",\"name\":\"Videos - Surge Protector, Surge Arrestor, Isolating Switch - LEEYEE\",\"isPartOf\":{\"@id\":\"https:\/\/www.cnspd.com\/#website\"},\"datePublished\":\"2023-04-18T02:54:00+00:00\",\"dateModified\":\"2025-03-26T09:26:03+00:00\",\"description\":\"Check out our professional Videos at LEEYEE Electrics for Surge Protector, Surge Arrestor, Isolating Switch - LEEYEE .\",\"breadcrumb\":{\"@id\":\"https:\/\/www.cnspd.com\/videos\/#breadcrumb\"},\"inLanguage\":\"es\",\"potentialAction\":[{\"@type\":\"ReadAction\",\"target\":[\"https:\/\/www.cnspd.com\/videos\/\"]}]},{\"@type\":\"BreadcrumbList\",\"@id\":\"https:\/\/www.cnspd.com\/videos\/#breadcrumb\",\"itemListElement\":[{\"@type\":\"ListItem\",\"position\":1,\"name\":\"Home\",\"item\":\"https:\/\/www.cnspd.com\/\"},{\"@type\":\"ListItem\",\"position\":2,\"name\":\"Videos\"}]},{\"@type\":\"WebSite\",\"@id\":\"https:\/\/www.cnspd.com\/#website\",\"url\":\"https:\/\/www.cnspd.com\/\",\"name\":\"Surge Protector, Surge Arrestor, Isolating Switch - LEEYEE\",\"description\":\"Surge Protector, Surge Arrestor, Isolating Switch - LEEYEE\",\"potentialAction\":[{\"@type\":\"SearchAction\",\"target\":{\"@type\":\"EntryPoint\",\"urlTemplate\":\"https:\/\/www.cnspd.com\/?s={search_term_string}\"},\"query-input\":{\"@type\":\"PropertyValueSpecification\",\"valueRequired\":true,\"valueName\":\"search_term_string\"}}],\"inLanguage\":\"es\"}]}<\/script>\n<!-- \/ Yoast SEO plugin. -->","yoast_head_json":{"title":"Videos - Protector contra sobretensiones, supresor de sobretensiones, interruptor de aislamiento - LEEYEE","description":"Consulte nuestros v\u00eddeos profesionales en LEEYEE Electrics para obtener informaci\u00f3n sobre protectores contra sobretensiones, protectores contra sobretensiones, interruptores de aislamiento - LEEYEE .","robots":{"index":"index","follow":"follow","max-snippet":"max-snippet:-1","max-image-preview":"max-image-preview:large","max-video-preview":"max-video-preview:-1"},"canonical":"https:\/\/www.cnspd.com\/es\/videos\/","og_locale":"es_ES","og_type":"article","og_title":"Videos - Surge Protector, Surge Arrestor, Isolating Switch - LEEYEE","og_description":"Check out our professional Videos at LEEYEE Electrics for Surge Protector, Surge Arrestor, Isolating Switch - LEEYEE .","og_url":"https:\/\/www.cnspd.com\/es\/videos\/","og_site_name":"Surge Protector, Surge Arrestor, Isolating Switch - LEEYEE","article_modified_time":"2025-03-26T09:26:03+00:00","twitter_card":"summary_large_image","twitter_misc":{"Tiempo de lectura":"1 minuto"},"schema":{"@context":"https:\/\/schema.org","@graph":[{"@type":"WebPage","@id":"https:\/\/www.cnspd.com\/videos\/","url":"https:\/\/www.cnspd.com\/videos\/","name":"Videos - Protector contra sobretensiones, supresor de sobretensiones, interruptor de aislamiento - LEEYEE","isPartOf":{"@id":"https:\/\/www.cnspd.com\/#website"},"datePublished":"2023-04-18T02:54:00+00:00","dateModified":"2025-03-26T09:26:03+00:00","description":"Consulte nuestros v\u00eddeos profesionales en LEEYEE Electrics para obtener informaci\u00f3n sobre protectores contra sobretensiones, protectores contra sobretensiones, interruptores de aislamiento - LEEYEE .","breadcrumb":{"@id":"https:\/\/www.cnspd.com\/videos\/#breadcrumb"},"inLanguage":"es","potentialAction":[{"@type":"ReadAction","target":["https:\/\/www.cnspd.com\/videos\/"]}]},{"@type":"BreadcrumbList","@id":"https:\/\/www.cnspd.com\/videos\/#breadcrumb","itemListElement":[{"@type":"ListItem","position":1,"name":"Home","item":"https:\/\/www.cnspd.com\/"},{"@type":"ListItem","position":2,"name":"Videos"}]},{"@type":"WebSite","@id":"https:\/\/www.cnspd.com\/#website","url":"https:\/\/www.cnspd.com\/","name":"Protector contra sobretensiones, supresor de sobretensiones, interruptor de aislamiento - LEEYEE","description":"Protector contra sobretensiones, supresor de sobretensiones, interruptor de aislamiento - LEEYEE","potentialAction":[{"@type":"SearchAction","target":{"@type":"EntryPoint","urlTemplate":"https:\/\/www.cnspd.com\/?s={search_term_string}"},"query-input":{"@type":"PropertyValueSpecification","valueRequired":true,"valueName":"search_term_string"}}],"inLanguage":"es"}]}},"_links":{"self":[{"href":"https:\/\/www.cnspd.com\/es\/wp-json\/wp\/v2\/pages\/25","targetHints":{"allow":["GET"]}}],"collection":[{"href":"https:\/\/www.cnspd.com\/es\/wp-json\/wp\/v2\/pages"}],"about":[{"href":"https:\/\/www.cnspd.com\/es\/wp-json\/wp\/v2\/types\/page"}],"author":[{"embeddable":true,"href":"https:\/\/www.cnspd.com\/es\/wp-json\/wp\/v2\/users\/12"}],"replies":[{"embeddable":true,"href":"https:\/\/www.cnspd.com\/es\/wp-json\/wp\/v2\/comments?post=25"}],"version-history":[{"count":0,"href":"https:\/\/www.cnspd.com\/es\/wp-json\/wp\/v2\/pages\/25\/revisions"}],"wp:attachment":[{"href":"https:\/\/www.cnspd.com\/es\/wp-json\/wp\/v2\/media?parent=25"}],"curies":[{"name":"wp","href":"https:\/\/api.w.org\/{rel}","templated":true}]}}