{"id":15421,"date":"2023-07-20T21:04:18","date_gmt":"2023-07-20T13:04:18","guid":{"rendered":"http:\/\/dibi.linkerr.cn\/?page_id=15421"},"modified":"2025-10-28T14:43:50","modified_gmt":"2025-10-28T06:43:50","slug":"patents-certificates","status":"publish","type":"page","link":"https:\/\/www.cnspd.com\/fr\/patents-certificates\/","title":{"rendered":"Certifications"},"content":{"rendered":"<section class=\"l-section wpb_row us_custom_7fd12569 banner-r height_huge color_secondary with_img\"><div class=\"l-section-img\" role=\"img\" data-img-width=\"1903\" data-img-height=\"1000\" style=\"background-image: url(https:\/\/www.cnspd.com\/wp-content\/uploads\/2024\/06\/bg-6.jpg);background-repeat: no-repeat;\"><\/div><div class=\"l-section-overlay\" style=\"background:rgba(0,0,0,0.20)\"><\/div><div class=\"l-section-h i-cf\"><div class=\"g-cols vc_row via_grid cols_1 laptops-cols_inherit tablets-cols_1 mobiles-cols_1 valign_top type_default reversed stacking_default\" style=\"--columns-gap:0rem;\"><div class=\"wpb_column vc_column_container us_custom_fd43344c\"><div class=\"vc_column-inner\"><nav class=\"g-breadcrumbs us_custom_6df4bc3a has_text_color separator_icon align_none\" itemscope itemtype=\"http:\/\/schema.org\/BreadcrumbList\"><div class=\"g-breadcrumbs-item\" itemscope itemprop=\"itemListElement\" itemtype=\"http:\/\/schema.org\/ListItem\"><a itemprop=\"item\" href=\"https:\/\/www.cnspd.com\/fr\/\"><span itemprop=\"name\">Accueil <\/span><\/a><meta itemprop=\"position\" content=\"1\"\/><\/div><div class=\"g-breadcrumbs-separator\"><i class=\"far fa-angle-right\"><\/i><\/div><div class=\"g-breadcrumbs-item\">Pages<\/div><\/nav><div class=\"w-separator size_small\"><\/div><h1 class=\"w-post-elm post_title us_custom_abc17630 align_left entry-title color_link_inherit\">Certifications<\/h1><\/div><\/div><\/div><\/div><\/section><section class=\"l-section wpb_row us_custom_fa07e175 height_large\"><div class=\"l-section-overlay\" style=\"background:#f3f3f3\"><\/div><div class=\"l-section-h i-cf\"><div class=\"g-cols vc_row via_grid cols_1 laptops-cols_inherit tablets-cols_inherit mobiles-cols_1 valign_top type_default stacking_default\"><div class=\"wpb_column vc_column_container\"><div class=\"vc_column-inner\"><div class=\"g-cols wpb_row via_grid cols_6 laptops-cols_inherit tablets-cols_inherit mobiles-cols_1 valign_top type_default stacking_default\" style=\"--columns-gap:1rem;\"><div class=\"wpb_column vc_column_container\"><div class=\"vc_column-inner\"><div class=\"w-image align_none\"><div class=\"w-image-h\"><img loading=\"lazy\" decoding=\"async\" width=\"1365\" height=\"1930\" src=\"https:\/\/www.cnspd.com\/wp-content\/uploads\/2025\/07\/iso9001-scaled.jpeg\" class=\"attachment-large size-large\" alt=\"\" srcset=\"https:\/\/www.cnspd.com\/wp-content\/uploads\/2025\/07\/iso9001-scaled.jpeg 1365w, https:\/\/www.cnspd.com\/wp-content\/uploads\/2025\/07\/iso9001-1320x1867.jpeg 1320w, https:\/\/www.cnspd.com\/wp-content\/uploads\/2025\/07\/iso9001-106x150.jpeg 106w, https:\/\/www.cnspd.com\/wp-content\/uploads\/2025\/07\/iso9001-8x12.jpeg 8w, https:\/\/www.cnspd.com\/wp-content\/uploads\/2025\/07\/iso9001-1086x1536.jpeg 1086w\" sizes=\"auto, (max-width: 1365px) 100vw, 1365px\" \/><\/div><\/div><\/div><\/div><div class=\"wpb_column vc_column_container\"><div class=\"vc_column-inner\"><div class=\"w-image align_none\"><div class=\"w-image-h\"><img loading=\"lazy\" decoding=\"async\" width=\"650\" height=\"926\" src=\"https:\/\/www.cnspd.com\/wp-content\/uploads\/2025\/07\/CN23XBIV001_AN50602164_0001_20230915084850_extsigned.jpg\" class=\"attachment-large size-large\" alt=\"\" srcset=\"https:\/\/www.cnspd.com\/wp-content\/uploads\/2025\/07\/CN23XBIV001_AN50602164_0001_20230915084850_extsigned.jpg 650w, https:\/\/www.cnspd.com\/wp-content\/uploads\/2025\/07\/CN23XBIV001_AN50602164_0001_20230915084850_extsigned-105x150.jpg 105w, https:\/\/www.cnspd.com\/wp-content\/uploads\/2025\/07\/CN23XBIV001_AN50602164_0001_20230915084850_extsigned-8x12.jpg 8w\" sizes=\"auto, (max-width: 650px) 100vw, 650px\" \/><\/div><\/div><\/div><\/div><div class=\"wpb_column vc_column_container\"><div class=\"vc_column-inner\"><div class=\"w-image align_none\"><div class=\"w-image-h\"><img loading=\"lazy\" decoding=\"async\" width=\"650\" height=\"926\" src=\"https:\/\/www.cnspd.com\/wp-content\/uploads\/2025\/07\/CN23XBIV001_R50602134_0001_20230915111136_extsigned1.jpg\" class=\"attachment-large size-large\" alt=\"\" srcset=\"https:\/\/www.cnspd.com\/wp-content\/uploads\/2025\/07\/CN23XBIV001_R50602134_0001_20230915111136_extsigned1.jpg 650w, https:\/\/www.cnspd.com\/wp-content\/uploads\/2025\/07\/CN23XBIV001_R50602134_0001_20230915111136_extsigned1-105x150.jpg 105w, https:\/\/www.cnspd.com\/wp-content\/uploads\/2025\/07\/CN23XBIV001_R50602134_0001_20230915111136_extsigned1-8x12.jpg 8w\" sizes=\"auto, (max-width: 650px) 100vw, 650px\" \/><\/div><\/div><\/div><\/div><div class=\"wpb_column vc_column_container\"><div class=\"vc_column-inner\"><div class=\"w-image align_none\"><div class=\"w-image-h\"><img loading=\"lazy\" decoding=\"async\" width=\"650\" height=\"926\" src=\"https:\/\/www.cnspd.com\/wp-content\/uploads\/2025\/07\/HU_003305issuedCBcertificate.jpg\" class=\"attachment-large size-large\" alt=\"\" srcset=\"https:\/\/www.cnspd.com\/wp-content\/uploads\/2025\/07\/HU_003305issuedCBcertificate.jpg 650w, https:\/\/www.cnspd.com\/wp-content\/uploads\/2025\/07\/HU_003305issuedCBcertificate-105x150.jpg 105w, https:\/\/www.cnspd.com\/wp-content\/uploads\/2025\/07\/HU_003305issuedCBcertificate-8x12.jpg 8w\" sizes=\"auto, (max-width: 650px) 100vw, 650px\" \/><\/div><\/div><\/div><\/div><div class=\"wpb_column vc_column_container\"><div class=\"vc_column-inner\"><div class=\"w-image align_none\"><div class=\"w-image-h\"><img loading=\"lazy\" decoding=\"async\" width=\"600\" height=\"850\" src=\"https:\/\/www.cnspd.com\/wp-content\/uploads\/2025\/03\/wenzhouleiyue_CN23XBIV-001_TRC_extsigned.jpg\" class=\"attachment-large size-large\" alt=\"\" srcset=\"https:\/\/www.cnspd.com\/wp-content\/uploads\/2025\/03\/wenzhouleiyue_CN23XBIV-001_TRC_extsigned.jpg 600w, https:\/\/www.cnspd.com\/wp-content\/uploads\/2025\/03\/wenzhouleiyue_CN23XBIV-001_TRC_extsigned-106x150.jpg 106w, https:\/\/www.cnspd.com\/wp-content\/uploads\/2025\/03\/wenzhouleiyue_CN23XBIV-001_TRC_extsigned-8x12.jpg 8w\" sizes=\"auto, (max-width: 600px) 100vw, 600px\" \/><\/div><\/div><\/div><\/div><div class=\"wpb_column vc_column_container\"><div class=\"vc_column-inner\"><div class=\"w-image align_none\"><div class=\"w-image-h\"><img loading=\"lazy\" decoding=\"async\" width=\"600\" height=\"850\" src=\"https:\/\/www.cnspd.com\/wp-content\/uploads\/2025\/03\/wenzhouleiyue_CN23FALU001-CBTR_extsigned.jpg\" class=\"attachment-large size-large\" alt=\"\" srcset=\"https:\/\/www.cnspd.com\/wp-content\/uploads\/2025\/03\/wenzhouleiyue_CN23FALU001-CBTR_extsigned.jpg 600w, https:\/\/www.cnspd.com\/wp-content\/uploads\/2025\/03\/wenzhouleiyue_CN23FALU001-CBTR_extsigned-106x150.jpg 106w, https:\/\/www.cnspd.com\/wp-content\/uploads\/2025\/03\/wenzhouleiyue_CN23FALU001-CBTR_extsigned-8x12.jpg 8w\" sizes=\"auto, (max-width: 600px) 100vw, 600px\" \/><\/div><\/div><\/div><\/div><div class=\"wpb_column vc_column_container\"><div class=\"vc_column-inner\"><div class=\"w-image align_none\"><div class=\"w-image-h\"><img loading=\"lazy\" decoding=\"async\" width=\"600\" height=\"850\" src=\"https:\/\/www.cnspd.com\/wp-content\/uploads\/2025\/03\/TUV\uff08CN200WR1-002\uff09LY1-12.5-LY1-7.jpg\" class=\"attachment-large size-large\" alt=\"\" srcset=\"https:\/\/www.cnspd.com\/wp-content\/uploads\/2025\/03\/TUV\uff08CN200WR1-002\uff09LY1-12.5-LY1-7.jpg 600w, https:\/\/www.cnspd.com\/wp-content\/uploads\/2025\/03\/TUV\uff08CN200WR1-002\uff09LY1-12.5-LY1-7-106x150.jpg 106w, https:\/\/www.cnspd.com\/wp-content\/uploads\/2025\/03\/TUV\uff08CN200WR1-002\uff09LY1-12.5-LY1-7-8x12.jpg 8w\" sizes=\"auto, (max-width: 600px) 100vw, 600px\" \/><\/div><\/div><\/div><\/div><div class=\"wpb_column vc_column_container\"><div class=\"vc_column-inner\"><div class=\"w-image align_none\"><div class=\"w-image-h\"><img loading=\"lazy\" decoding=\"async\" width=\"600\" height=\"850\" src=\"https:\/\/www.cnspd.com\/wp-content\/uploads\/2025\/03\/TUV\uff08CN200WR1-001\uff09LY1-12.5-LY1-7.jpg\" class=\"attachment-large size-large\" alt=\"\" srcset=\"https:\/\/www.cnspd.com\/wp-content\/uploads\/2025\/03\/TUV\uff08CN200WR1-001\uff09LY1-12.5-LY1-7.jpg 600w, https:\/\/www.cnspd.com\/wp-content\/uploads\/2025\/03\/TUV\uff08CN200WR1-001\uff09LY1-12.5-LY1-7-106x150.jpg 106w, https:\/\/www.cnspd.com\/wp-content\/uploads\/2025\/03\/TUV\uff08CN200WR1-001\uff09LY1-12.5-LY1-7-8x12.jpg 8w\" sizes=\"auto, (max-width: 600px) 100vw, 600px\" \/><\/div><\/div><\/div><\/div><div class=\"wpb_column vc_column_container\"><div class=\"vc_column-inner\"><div class=\"w-image align_none\"><div class=\"w-image-h\"><img loading=\"lazy\" decoding=\"async\" width=\"600\" height=\"850\" src=\"https:\/\/www.cnspd.com\/wp-content\/uploads\/2025\/03\/PV1000V-WENZHOU-LEEYEE-AN-50532289-0001_CN22Z41T-001.jpg\" class=\"attachment-large size-large\" alt=\"\" srcset=\"https:\/\/www.cnspd.com\/wp-content\/uploads\/2025\/03\/PV1000V-WENZHOU-LEEYEE-AN-50532289-0001_CN22Z41T-001.jpg 600w, https:\/\/www.cnspd.com\/wp-content\/uploads\/2025\/03\/PV1000V-WENZHOU-LEEYEE-AN-50532289-0001_CN22Z41T-001-106x150.jpg 106w, https:\/\/www.cnspd.com\/wp-content\/uploads\/2025\/03\/PV1000V-WENZHOU-LEEYEE-AN-50532289-0001_CN22Z41T-001-8x12.jpg 8w\" sizes=\"auto, (max-width: 600px) 100vw, 600px\" \/><\/div><\/div><\/div><\/div><div class=\"wpb_column vc_column_container\"><div class=\"vc_column-inner\"><div class=\"w-image align_none\"><div class=\"w-image-h\"><img loading=\"lazy\" decoding=\"async\" width=\"600\" height=\"850\" src=\"https:\/\/www.cnspd.com\/wp-content\/uploads\/2025\/03\/PV1000V-WENZHOU-LEEYEE-R-50532288-0001_CN22Z41T-001.jpg\" class=\"attachment-large size-large\" alt=\"\" srcset=\"https:\/\/www.cnspd.com\/wp-content\/uploads\/2025\/03\/PV1000V-WENZHOU-LEEYEE-R-50532288-0001_CN22Z41T-001.jpg 600w, https:\/\/www.cnspd.com\/wp-content\/uploads\/2025\/03\/PV1000V-WENZHOU-LEEYEE-R-50532288-0001_CN22Z41T-001-106x150.jpg 106w, https:\/\/www.cnspd.com\/wp-content\/uploads\/2025\/03\/PV1000V-WENZHOU-LEEYEE-R-50532288-0001_CN22Z41T-001-8x12.jpg 8w\" sizes=\"auto, (max-width: 600px) 100vw, 600px\" \/><\/div><\/div><\/div><\/div><div class=\"wpb_column vc_column_container\"><div class=\"vc_column-inner\"><div class=\"w-image align_none\"><div class=\"w-image-h\"><img loading=\"lazy\" decoding=\"async\" width=\"600\" height=\"850\" src=\"https:\/\/www.cnspd.com\/wp-content\/uploads\/2025\/03\/TUV\uff08CN20PX06-001\uff09-LY1-C40-LY1-D20.jpg\" class=\"attachment-large size-large\" alt=\"\" srcset=\"https:\/\/www.cnspd.com\/wp-content\/uploads\/2025\/03\/TUV\uff08CN20PX06-001\uff09-LY1-C40-LY1-D20.jpg 600w, https:\/\/www.cnspd.com\/wp-content\/uploads\/2025\/03\/TUV\uff08CN20PX06-001\uff09-LY1-C40-LY1-D20-106x150.jpg 106w, https:\/\/www.cnspd.com\/wp-content\/uploads\/2025\/03\/TUV\uff08CN20PX06-001\uff09-LY1-C40-LY1-D20-8x12.jpg 8w\" sizes=\"auto, (max-width: 600px) 100vw, 600px\" \/><\/div><\/div><\/div><\/div><div class=\"wpb_column vc_column_container\"><div class=\"vc_column-inner\"><div class=\"w-image align_none\"><div class=\"w-image-h\"><img loading=\"lazy\" decoding=\"async\" width=\"600\" height=\"850\" src=\"https:\/\/www.cnspd.com\/wp-content\/uploads\/2025\/03\/TUV\uff08CN20PX06-002\uff09-LY1-C40-LY1-D20.jpg\" class=\"attachment-large size-large\" alt=\"\" srcset=\"https:\/\/www.cnspd.com\/wp-content\/uploads\/2025\/03\/TUV\uff08CN20PX06-002\uff09-LY1-C40-LY1-D20.jpg 600w, https:\/\/www.cnspd.com\/wp-content\/uploads\/2025\/03\/TUV\uff08CN20PX06-002\uff09-LY1-C40-LY1-D20-106x150.jpg 106w, https:\/\/www.cnspd.com\/wp-content\/uploads\/2025\/03\/TUV\uff08CN20PX06-002\uff09-LY1-C40-LY1-D20-8x12.jpg 8w\" sizes=\"auto, (max-width: 600px) 100vw, 600px\" \/><\/div><\/div><\/div><\/div><\/div><div class=\"wpb_text_column\"><div class=\"wpb_wrapper\"><p>Nos produits ont gagn\u00e9 <span style=\"color: #0000ff;\">CQC, TUV, CB, CE, ROHS<\/span> et d'autres certificats, ce qui t\u00e9moigne de notre qu\u00eate inlassable de la qualit\u00e9 et de la s\u00e9curit\u00e9 des produits.<\/p>\n<p>Lorsque vous choisissez les produits \u00e9lectriques de LEEYEE, vous obtenez non seulement un \u00e9quipement de haute performance, mais aussi la double garantie de la reconnaissance et de la confiance de l'industrie. Nos modules de certification d\u00e9montrent notre engagement envers les normes de qualit\u00e9 et de s\u00e9curit\u00e9 et le niveau d'excellence que nos produits atteignent dans l'industrie. Chaque certification est la preuve de notre engagement, ajoutant confiance et s\u00e9curit\u00e9 \u00e0 votre choix.<\/p>\n<\/div><\/div><div class=\"w-popup us_custom_cdf14ffd w-btn-wrapper align_justify\"><button type=\"button\" aria-label=\"Obtenir une certification\" class=\"w-popup-trigger type_btn w-btn us-btn-style_8\"><span class=\"w-btn-label\">Obtenir une certification<\/span><\/button><div class=\"w-popup-overlay\" style=\"background:rgba(0,0,0,0.85);\"><\/div><div class=\"w-popup-wrap layout_default\" style=\"--title-color:var(--color-content-heading);--title-bg-color:var(--color-content-bg-alt);--content-color:var(--color-content-text);--content-bg-color:var(--color-content-bg);--popup-width:600px;--popup-padding:5%;\"><div class=\"w-popup-box animation_fadeIn closerpos_outside with_title\"><div class=\"w-popup-box-h\"><div class=\"w-popup-box-title\">Contactez-nous et obtenez une certification<\/div><div class=\"w-popup-box-content\"><div class=\"wpcf7 no-js\" id=\"wpcf7-f125-o1\" lang=\"en-US\" dir=\"ltr\" data-wpcf7-id=\"125\">\n<div class=\"screen-reader-response\"><p role=\"status\" aria-live=\"polite\" aria-atomic=\"true\"><\/p> <ul><\/ul><\/div>\n<form action=\"\/fr\/wp-json\/wp\/v2\/pages\/15421#wpcf7-f125-o1\" method=\"post\" class=\"wpcf7-form init\" aria-label=\"Formulaire de contact\" novalidate=\"novalidate\" data-status=\"init\" data-trp-original-action=\"\/fr\/wp-json\/wp\/v2\/pages\/15421#wpcf7-f125-o1\">\n<fieldset class=\"hidden-fields-container\"><input type=\"hidden\" name=\"_wpcf7\" value=\"125\" \/><input type=\"hidden\" name=\"_wpcf7_version\" value=\"6.1.5\" \/><input type=\"hidden\" name=\"_wpcf7_locale\" value=\"en_US\" \/><input type=\"hidden\" name=\"_wpcf7_unit_tag\" value=\"wpcf7-f125-o1\" \/><input type=\"hidden\" name=\"_wpcf7_container_post\" value=\"0\" \/><input type=\"hidden\" name=\"_wpcf7_posted_data_hash\" value=\"\" \/><input type=\"hidden\" name=\"_wpcf7dtx_version\" value=\"5.0.5\" \/><input type=\"hidden\" name=\"_wpcf7_recaptcha_response\" value=\"\" \/>\n<\/fieldset>\n<div class=\"outer\">\n\t<div class=\"inner\">\n\t\t<p><span class=\"wpcf7-form-control-wrap\" data-name=\"your-name\"><input size=\"40\" maxlength=\"400\" class=\"wpcf7-form-control wpcf7-text wpcf7-validates-as-required\" aria-required=\"true\" aria-invalid=\"false\" placeholder=\"Votre nom*\" value=\"\" type=\"text\" name=\"your-name\" \/><\/span>\n\t\t<\/p>\n\t<\/div>\n\t<div class=\"inner\">\n\t\t<p><span class=\"wpcf7-form-control-wrap\" data-name=\"your-email\"><input size=\"40\" maxlength=\"400\" class=\"wpcf7-form-control wpcf7-email wpcf7-validates-as-required wpcf7-text wpcf7-validates-as-email\" aria-required=\"true\" aria-invalid=\"false\" placeholder=\"Adresse \u00e9lectronique*\" value=\"\" type=\"email\" name=\"your-email\" \/><\/span>\n\t\t<\/p>\n\t<\/div>\n<\/div>\n<div>\n\t<p><span class=\"wpcf7-form-control-wrap\" data-name=\"your-message\"><textarea cols=\"40\" rows=\"10\" maxlength=\"2000\" class=\"wpcf7-form-control wpcf7-textarea wpcf7-validates-as-required\" aria-required=\"true\" aria-invalid=\"false\" placeholder=\"Pr\u00e9cisez votre besoin le plus pr\u00e9cis\u00e9ment possible*\" name=\"your-message\"><\/textarea><\/span>\n\t<\/p>\n<\/div>\n<div style=\"display:none\">\n<span class=\"wpcf7-form-control-wrap your-url\" data-name=\"your-url\"><input type=\"hidden\" name=\"your-url\" class=\"wpcf7-form-control wpcf7-hidden wpcf7dtx wpcf7dtx-hidden\" aria-invalid=\"false\" value=\"https:\/\/www.cnspd.com\/fr\/fr\/wp-json\/wp\/v2\/pages\/15421\"><\/span>\n<\/div>\n<div class=\"form-button\">\n\t<p><input class=\"wpcf7-form-control wpcf7-submit has-spinner\" type=\"submit\" value=\"Envoyer un message\" \/>\n\t<\/p>\n<\/div><div class=\"wpcf7-response-output\" aria-hidden=\"true\"><\/div>\n<input type=\"hidden\" name=\"trp-form-language\" value=\"fr\"\/><\/form>\n<\/div>\n<\/div><\/div><\/div><div class=\"w-popup-closer\"><\/div><\/div><\/div><\/div><\/div><\/div><\/div><\/section>","protected":false},"excerpt":{"rendered":"Home PagesCertificationsNos produits ont obtenu les certificats CQC, TUV, CB, CE, ROHS et autres, ce qui t\u00e9moigne de notre poursuite inlassable de la qualit\u00e9 et de la s\u00e9curit\u00e9 des produits. Lorsque vous choisissez les produits \u00e9lectriques de LEEYEE, vous obtenez non seulement un \u00e9quipement de haute performance, mais aussi la double garantie de la reconnaissance et de la confiance de l'industrie. Nos modules de certificats d\u00e9montrent notre engagement en mati\u00e8re de qualit\u00e9 et de s\u00e9curit\u00e9...","protected":false},"author":12,"featured_media":0,"parent":0,"menu_order":0,"comment_status":"closed","ping_status":"closed","template":"","meta":{"footnotes":""},"class_list":["post-15421","page","type-page","status-publish","hentry"],"acf":[],"yoast_head":"<!-- This site is optimized with the Yoast SEO plugin v27.5 - https:\/\/yoast.com\/product\/yoast-seo-wordpress\/ -->\n<title>Certifications - Surge Protector, Surge Arrestor, Isolating Switch - LEEYEE<\/title>\n<meta name=\"description\" content=\"Check out our professional Certifications at LEEYEE Electrics for Surge Protector, Surge Arrestor, Isolating Switch - LEEYEE .\" \/>\n<meta name=\"robots\" content=\"index, follow, max-snippet:-1, max-image-preview:large, max-video-preview:-1\" \/>\n<link rel=\"canonical\" href=\"https:\/\/www.cnspd.com\/fr\/patents-certificates\/\" \/>\n<meta property=\"og:locale\" content=\"fr_FR\" \/>\n<meta property=\"og:type\" content=\"article\" \/>\n<meta property=\"og:title\" content=\"Certifications - Surge Protector, Surge Arrestor, Isolating Switch - LEEYEE\" \/>\n<meta property=\"og:description\" content=\"Check out our professional Certifications at LEEYEE Electrics for Surge Protector, Surge Arrestor, Isolating Switch - LEEYEE .\" \/>\n<meta property=\"og:url\" content=\"https:\/\/www.cnspd.com\/fr\/patents-certificates\/\" \/>\n<meta property=\"og:site_name\" content=\"Surge Protector, Surge Arrestor, Isolating Switch - LEEYEE\" \/>\n<meta property=\"article:modified_time\" content=\"2025-10-28T06:43:50+00:00\" \/>\n<meta name=\"twitter:card\" content=\"summary_large_image\" \/>\n<meta name=\"twitter:label1\" content=\"Dur\u00e9e de lecture estim\u00e9e\" \/>\n\t<meta name=\"twitter:data1\" content=\"1 minute\" \/>\n<script type=\"application\/ld+json\" class=\"yoast-schema-graph\">{\"@context\":\"https:\\\/\\\/schema.org\",\"@graph\":[{\"@type\":\"WebPage\",\"@id\":\"https:\\\/\\\/www.cnspd.com\\\/patents-certificates\\\/\",\"url\":\"https:\\\/\\\/www.cnspd.com\\\/patents-certificates\\\/\",\"name\":\"Certifications - Surge Protector, Surge Arrestor, Isolating Switch - LEEYEE\",\"isPartOf\":{\"@id\":\"https:\\\/\\\/www.cnspd.com\\\/#website\"},\"datePublished\":\"2023-07-20T13:04:18+00:00\",\"dateModified\":\"2025-10-28T06:43:50+00:00\",\"description\":\"Check out our professional Certifications at LEEYEE Electrics for Surge Protector, Surge Arrestor, Isolating Switch - LEEYEE .\",\"breadcrumb\":{\"@id\":\"https:\\\/\\\/www.cnspd.com\\\/patents-certificates\\\/#breadcrumb\"},\"inLanguage\":\"fr-FR\",\"potentialAction\":[{\"@type\":\"ReadAction\",\"target\":[\"https:\\\/\\\/www.cnspd.com\\\/patents-certificates\\\/\"]}]},{\"@type\":\"BreadcrumbList\",\"@id\":\"https:\\\/\\\/www.cnspd.com\\\/patents-certificates\\\/#breadcrumb\",\"itemListElement\":[{\"@type\":\"ListItem\",\"position\":1,\"name\":\"Home\",\"item\":\"https:\\\/\\\/www.cnspd.com\\\/\"},{\"@type\":\"ListItem\",\"position\":2,\"name\":\"Certifications\"}]},{\"@type\":\"WebSite\",\"@id\":\"https:\\\/\\\/www.cnspd.com\\\/#website\",\"url\":\"https:\\\/\\\/www.cnspd.com\\\/\",\"name\":\"Surge Protector, Surge Arrestor, Isolating Switch - LEEYEE\",\"description\":\"Surge Protector, Surge Arrestor, Isolating Switch - LEEYEE\",\"potentialAction\":[{\"@type\":\"SearchAction\",\"target\":{\"@type\":\"EntryPoint\",\"urlTemplate\":\"https:\\\/\\\/www.cnspd.com\\\/?s={search_term_string}\"},\"query-input\":{\"@type\":\"PropertyValueSpecification\",\"valueRequired\":true,\"valueName\":\"search_term_string\"}}],\"inLanguage\":\"fr-FR\"}]}<\/script>\n<!-- \/ Yoast SEO plugin. -->","yoast_head_json":{"title":"Certifications - Parafoudre, Parasurtenseur, Sectionneur - LEEYEE","description":"V\u00e9rifiez nos certifications professionnelles chez LEEYEE Electrics pour Parasurtenseur, Parafoudre, Interrupteur de s\u00e9paration - LEEYEE .","robots":{"index":"index","follow":"follow","max-snippet":"max-snippet:-1","max-image-preview":"max-image-preview:large","max-video-preview":"max-video-preview:-1"},"canonical":"https:\/\/www.cnspd.com\/fr\/patents-certificates\/","og_locale":"fr_FR","og_type":"article","og_title":"Certifications - Surge Protector, Surge Arrestor, Isolating Switch - LEEYEE","og_description":"Check out our professional Certifications at LEEYEE Electrics for Surge Protector, Surge Arrestor, Isolating Switch - LEEYEE .","og_url":"https:\/\/www.cnspd.com\/fr\/patents-certificates\/","og_site_name":"Surge Protector, Surge Arrestor, Isolating Switch - LEEYEE","article_modified_time":"2025-10-28T06:43:50+00:00","twitter_card":"summary_large_image","twitter_misc":{"Dur\u00e9e de lecture estim\u00e9e":"1 minute"},"schema":{"@context":"https:\/\/schema.org","@graph":[{"@type":"WebPage","@id":"https:\/\/www.cnspd.com\/patents-certificates\/","url":"https:\/\/www.cnspd.com\/patents-certificates\/","name":"Certifications - Parafoudre, Parasurtenseur, Sectionneur - LEEYEE","isPartOf":{"@id":"https:\/\/www.cnspd.com\/#website"},"datePublished":"2023-07-20T13:04:18+00:00","dateModified":"2025-10-28T06:43:50+00:00","description":"V\u00e9rifiez nos certifications professionnelles chez LEEYEE Electrics pour Parasurtenseur, Parafoudre, Interrupteur de s\u00e9paration - LEEYEE .","breadcrumb":{"@id":"https:\/\/www.cnspd.com\/patents-certificates\/#breadcrumb"},"inLanguage":"fr-FR","potentialAction":[{"@type":"ReadAction","target":["https:\/\/www.cnspd.com\/patents-certificates\/"]}]},{"@type":"BreadcrumbList","@id":"https:\/\/www.cnspd.com\/patents-certificates\/#breadcrumb","itemListElement":[{"@type":"ListItem","position":1,"name":"Home","item":"https:\/\/www.cnspd.com\/"},{"@type":"ListItem","position":2,"name":"Certifications"}]},{"@type":"WebSite","@id":"https:\/\/www.cnspd.com\/#website","url":"https:\/\/www.cnspd.com\/","name":"Protecteur de surtension, parafoudre, interrupteur de s\u00e9paration - LEEYEEEE","description":"Protecteur de surtension, parafoudre, interrupteur de s\u00e9paration - LEEYEEEE","potentialAction":[{"@type":"SearchAction","target":{"@type":"EntryPoint","urlTemplate":"https:\/\/www.cnspd.com\/?s={search_term_string}"},"query-input":{"@type":"PropertyValueSpecification","valueRequired":true,"valueName":"search_term_string"}}],"inLanguage":"fr-FR"}]}},"_links":{"self":[{"href":"https:\/\/www.cnspd.com\/fr\/wp-json\/wp\/v2\/pages\/15421","targetHints":{"allow":["GET"]}}],"collection":[{"href":"https:\/\/www.cnspd.com\/fr\/wp-json\/wp\/v2\/pages"}],"about":[{"href":"https:\/\/www.cnspd.com\/fr\/wp-json\/wp\/v2\/types\/page"}],"author":[{"embeddable":true,"href":"https:\/\/www.cnspd.com\/fr\/wp-json\/wp\/v2\/users\/12"}],"replies":[{"embeddable":true,"href":"https:\/\/www.cnspd.com\/fr\/wp-json\/wp\/v2\/comments?post=15421"}],"version-history":[{"count":0,"href":"https:\/\/www.cnspd.com\/fr\/wp-json\/wp\/v2\/pages\/15421\/revisions"}],"wp:attachment":[{"href":"https:\/\/www.cnspd.com\/fr\/wp-json\/wp\/v2\/media?parent=15421"}],"curies":[{"name":"wp","href":"https:\/\/api.w.org\/{rel}","templated":true}]}}