{"id":19811,"date":"2024-03-20T15:03:35","date_gmt":"2024-03-20T07:03:35","guid":{"rendered":"https:\/\/usfull.linkerr.cn\/?page_id=19811"},"modified":"2025-03-26T17:25:48","modified_gmt":"2025-03-26T09:25:48","slug":"faqs","status":"publish","type":"page","link":"https:\/\/www.cnspd.com\/fr\/faqs\/all\/","title":{"rendered":"FAQS"},"content":{"rendered":"<section class=\"l-section wpb_row us_custom_7fd12569 banner-r height_huge color_secondary with_img parallax_fixed\"><div class=\"l-section-img\" role=\"img\" data-img-width=\"1903\" data-img-height=\"1000\" style=\"background-image: url(https:\/\/www.cnspd.com\/wp-content\/uploads\/2024\/06\/bg-1.jpg);background-repeat: no-repeat;\"><\/div><div class=\"l-section-overlay\" style=\"background:rgba(0,0,0,0.30)\"><\/div><div class=\"l-section-h i-cf\"><div class=\"g-cols vc_row via_grid cols_1 laptops-cols_inherit tablets-cols_1 mobiles-cols_1 valign_top type_default reversed stacking_default\" style=\"--columns-gap:0rem;\"><div class=\"wpb_column vc_column_container us_custom_fd43344c\"><div class=\"vc_column-inner\"><nav class=\"g-breadcrumbs us_custom_6df4bc3a has_text_color separator_icon align_none\" itemscope itemtype=\"http:\/\/schema.org\/BreadcrumbList\"><div class=\"g-breadcrumbs-item\" itemscope itemprop=\"itemListElement\" itemtype=\"http:\/\/schema.org\/ListItem\"><a itemprop=\"item\" href=\"https:\/\/www.cnspd.com\/fr\/\"><span itemprop=\"name\">Accueil <\/span><\/a><meta itemprop=\"position\" content=\"1\"\/><\/div><div class=\"g-breadcrumbs-separator\"><i class=\"far fa-angle-right\"><\/i><\/div><div class=\"g-breadcrumbs-item\">Pages<\/div><\/nav><div class=\"w-separator size_small\"><\/div><h1 class=\"w-post-elm post_title us_custom_abc17630 align_left entry-title color_link_inherit\">FAQS<\/h1><div class=\"w-hwrapper valign_middle wrap align_none\" style=\"--hwrapper-gap:3rem\"><div class=\"wpb_text_column us_custom_786f4c20\"><div class=\"wpb_wrapper\"><p>Nos laboratoires de recherche et de d\u00e9veloppement \u00e0 la pointe de la technologie se consacrent \u00e0 l'innovation technologique continue afin de garantir que nos produits \u00e9lectriques sont \u00e0 la pointe de l'industrie.<\/p>\n<\/div><\/div><\/div><\/div><\/div><\/div><\/div><\/section><section class=\"l-section wpb_row us_custom_3104c179 faq1 height_large\"><div class=\"l-section-h i-cf\"><div class=\"g-cols vc_row via_grid cols_1 laptops-cols_inherit tablets-cols_inherit mobiles-cols_1 valign_top type_default stacking_default\"><div class=\"wpb_column vc_column_container\"><div class=\"vc_column-inner\"><div class=\"g-cols wpb_row jj3 via_grid cols_2-3 laptops-cols_inherit tablets-cols_inherit mobiles-cols_1 valign_top type_default stacking_default\" style=\"--columns-gap:2rem;\"><div class=\"wpb_column vc_column_container us_custom_2073c46b baise_bg has_bg_color stretched type_sticky\"><div class=\"vc_column-inner\"><div class=\"wpb_text_column\"><div class=\"wpb_wrapper\"><h3>Poser une question<\/h3>\n<p>N'h\u00e9sitez pas \u00e0 nous contacter si vous avez des besoins particuliers.<\/p>\n<\/div><\/div><div class=\"w-separator size_small\"><\/div>\n<div class=\"wpcf7 no-js us_custom_b6a72ce1\" id=\"wpcf7-f125-o1\" lang=\"en-US\" dir=\"ltr\" data-wpcf7-id=\"125\">\n<div class=\"screen-reader-response\"><p role=\"status\" aria-live=\"polite\" aria-atomic=\"true\"><\/p> <ul><\/ul><\/div>\n<form action=\"\/fr\/wp-json\/wp\/v2\/pages\/19811#wpcf7-f125-o1\" method=\"post\" class=\"wpcf7-form init\" aria-label=\"Formulaire de contact\" novalidate=\"novalidate\" data-status=\"init\" data-trp-original-action=\"\/fr\/wp-json\/wp\/v2\/pages\/19811#wpcf7-f125-o1\">\n<fieldset class=\"hidden-fields-container\"><input type=\"hidden\" name=\"_wpcf7\" value=\"125\" \/><input type=\"hidden\" name=\"_wpcf7_version\" value=\"6.1.5\" \/><input type=\"hidden\" name=\"_wpcf7_locale\" value=\"en_US\" \/><input type=\"hidden\" name=\"_wpcf7_unit_tag\" value=\"wpcf7-f125-o1\" \/><input type=\"hidden\" name=\"_wpcf7_container_post\" value=\"0\" \/><input type=\"hidden\" name=\"_wpcf7_posted_data_hash\" value=\"\" \/><input type=\"hidden\" name=\"_wpcf7dtx_version\" value=\"5.0.5\" \/><input type=\"hidden\" name=\"_wpcf7_recaptcha_response\" value=\"\" \/>\n<\/fieldset>\n<div class=\"outer\">\n\t<div class=\"inner\">\n\t\t<p><span class=\"wpcf7-form-control-wrap\" data-name=\"your-name\"><input size=\"40\" maxlength=\"400\" class=\"wpcf7-form-control wpcf7-text wpcf7-validates-as-required\" aria-required=\"true\" aria-invalid=\"false\" placeholder=\"Votre nom*\" value=\"\" type=\"text\" name=\"your-name\" \/><\/span>\n\t\t<\/p>\n\t<\/div>\n\t<div class=\"inner\">\n\t\t<p><span class=\"wpcf7-form-control-wrap\" data-name=\"your-email\"><input size=\"40\" maxlength=\"400\" class=\"wpcf7-form-control wpcf7-email wpcf7-validates-as-required wpcf7-text wpcf7-validates-as-email\" aria-required=\"true\" aria-invalid=\"false\" placeholder=\"Adresse \u00e9lectronique*\" value=\"\" type=\"email\" name=\"your-email\" \/><\/span>\n\t\t<\/p>\n\t<\/div>\n<\/div>\n<div>\n\t<p><span class=\"wpcf7-form-control-wrap\" data-name=\"your-message\"><textarea cols=\"40\" rows=\"10\" maxlength=\"2000\" class=\"wpcf7-form-control wpcf7-textarea wpcf7-validates-as-required\" aria-required=\"true\" aria-invalid=\"false\" placeholder=\"Pr\u00e9cisez votre besoin le plus pr\u00e9cis\u00e9ment possible*\" name=\"your-message\"><\/textarea><\/span>\n\t<\/p>\n<\/div>\n<div style=\"display:none\">\n<span class=\"wpcf7-form-control-wrap your-url\" data-name=\"your-url\"><input type=\"hidden\" name=\"your-url\" class=\"wpcf7-form-control wpcf7-hidden wpcf7dtx wpcf7dtx-hidden\" aria-invalid=\"false\" value=\"https:\/\/www.cnspd.com\/fr\/fr\/wp-json\/wp\/v2\/pages\/19811\"><\/span>\n<\/div>\n<div class=\"form-button\">\n\t<p><input class=\"wpcf7-form-control wpcf7-submit has-spinner\" type=\"submit\" value=\"Envoyer un message\" \/>\n\t<\/p>\n<\/div><div class=\"wpcf7-response-output\" aria-hidden=\"true\"><\/div>\n<input type=\"hidden\" name=\"trp-form-language\" value=\"fr\"\/><\/form>\n<\/div>\n<\/div><\/div><div class=\"wpb_column vc_column_container us_custom_675a26b2 has_bg_color\"><div class=\"vc_column-inner\"><div class=\"w-image us_custom_3444efa1 align_none\"><div class=\"w-image-h\"><img loading=\"lazy\" decoding=\"async\" width=\"816\" height=\"456\" src=\"https:\/\/www.cnspd.com\/wp-content\/uploads\/2024\/05\/faq-1.jpg\" class=\"attachment-full size-full\" alt=\"\" srcset=\"https:\/\/www.cnspd.com\/wp-content\/uploads\/2024\/05\/faq-1.jpg 816w, https:\/\/www.cnspd.com\/wp-content\/uploads\/2024\/05\/faq-1-150x84.jpg 150w\" sizes=\"auto, (max-width: 816px) 100vw, 816px\" \/><\/div><\/div><div class=\"w-tabs us_custom_4127d55d style_default switch_click accordion remove_indents\" style=\"--sections-title-size:1.1rem\"><div class=\"w-tabs-sections titles-align_none icon_chevron cpos_right\"><div class=\"w-tabs-section active\" id=\"ff2b\"><button class=\"w-tabs-section-header active\" aria-controls=\"content-ff2b\" aria-expanded=\"true\"><p class=\"w-tabs-section-title\">Q:Quels sont vos prix ?<\/p><div class=\"w-tabs-section-control\"><\/div><\/button><div  class=\"w-tabs-section-content\" id=\"content-ff2b\"><div class=\"w-tabs-section-content-h i-cf\"><div class=\"wpb_text_column\"><div class=\"wpb_wrapper\"><p>Nos prix sont susceptibles d'\u00eatre modifi\u00e9s en fonction de l'offre et d'autres facteurs de march\u00e9. Nous vous enverrons une liste de prix actualis\u00e9e apr\u00e8s que votre entreprise nous aura contact\u00e9s pour de plus amples informations.<\/p>\n<\/div><\/div><\/div><\/div><\/div><div class=\"w-tabs-section\" id=\"d145\"><button class=\"w-tabs-section-header\" aria-controls=\"content-d145\" aria-expanded=\"false\"><p class=\"w-tabs-section-title\">Q : Existe-t-il une quantit\u00e9 minimale de commande ?<\/p><div class=\"w-tabs-section-control\"><\/div><\/button><div  class=\"w-tabs-section-content\" id=\"content-d145\"><div class=\"w-tabs-section-content-h i-cf\"><div class=\"wpb_text_column\"><div class=\"wpb_wrapper\"><p>Chez LEEYEE, nous reconnaissons le caract\u00e8re distinctif des exigences de chaque client. C'est pourquoi nous avons fix\u00e9 des quantit\u00e9s minimales de commande afin de garantir la qualit\u00e9 optimale de nos produits et services. Bien que nous maintenions des seuils de commande minimums standard, notre \u00e9quipe est toujours pr\u00eate \u00e0 discuter de vos besoins individuels et \u00e0 vous proposer des solutions sur mesure pour y r\u00e9pondre.<\/p>\n<\/div><\/div><\/div><\/div><\/div><div class=\"w-tabs-section\" id=\"w32f\"><button class=\"w-tabs-section-header\" aria-controls=\"content-w32f\" aria-expanded=\"false\"><p class=\"w-tabs-section-title\">Q : Pouvez-vous fournir la documentation pertinente ?<\/p><div class=\"w-tabs-section-control\"><\/div><\/button><div  class=\"w-tabs-section-content\" id=\"content-w32f\"><div class=\"w-tabs-section-content-h i-cf\"><div class=\"wpb_text_column\"><div class=\"wpb_wrapper\"><p>Oui, nous pouvons fournir la plupart des documents, y compris les certificats d'analyse\/conformit\u00e9, l'assurance, l'origine et d'autres documents d'exportation si n\u00e9cessaire.<\/p>\n<\/div><\/div><\/div><\/div><\/div><div class=\"w-tabs-section\" id=\"q511\"><button class=\"w-tabs-section-header\" aria-controls=\"content-q511\" aria-expanded=\"false\"><p class=\"w-tabs-section-title\">Q : Quel est le d\u00e9lai moyen d'ex\u00e9cution ?<\/p><div class=\"w-tabs-section-control\"><\/div><\/button><div  class=\"w-tabs-section-content\" id=\"content-q511\"><div class=\"w-tabs-section-content-h i-cf\"><div class=\"wpb_text_column\"><div class=\"wpb_wrapper\"><p>Pour les \u00e9chantillons, le d\u00e9lai est d'environ 7 jours. Pour la production en s\u00e9rie, le d\u00e9lai est de 20 \u00e0 30 jours apr\u00e8s r\u00e9ception de l'acompte. Les d\u00e9lais deviennent effectifs lorsque (1) nous avons re\u00e7u votre acompte et (2) nous avons re\u00e7u votre approbation finale pour vos produits. Si nos d\u00e9lais de livraison ne sont pas compatibles avec votre \u00e9ch\u00e9ance, nous vous invitons \u00e0 nous faire part de vos exigences lors de la vente. Dans tous les cas, nous nous efforcerons de r\u00e9pondre \u00e0 vos besoins. Dans la plupart des cas, nous sommes en mesure de le faire.<\/p>\n<\/div><\/div><\/div><\/div><\/div><div class=\"w-tabs-section\" id=\"k6dd\"><button class=\"w-tabs-section-header\" aria-controls=\"content-k6dd\" aria-expanded=\"false\"><p class=\"w-tabs-section-title\">Q : Quels sont les modes de paiement accept\u00e9s ?<\/p><div class=\"w-tabs-section-control\"><\/div><\/button><div  class=\"w-tabs-section-content\" id=\"content-k6dd\"><div class=\"w-tabs-section-content-h i-cf\"><div class=\"wpb_text_column\"><div class=\"wpb_wrapper\"><p>Vous pouvez effectuer le paiement sur notre compte bancaire, Western Union ou PayPal :<br \/>\n30% de d\u00e9p\u00f4t \u00e0 l'avance, 70% de solde contre la copie du B\/L.<\/p>\n<\/div><\/div><\/div><\/div><\/div><div class=\"w-tabs-section\" id=\"e891\"><button class=\"w-tabs-section-header\" aria-controls=\"content-e891\" aria-expanded=\"false\"><p class=\"w-tabs-section-title\">Q : Garantissez-vous une livraison s\u00fbre et s\u00e9curis\u00e9e des produits ?<\/p><div class=\"w-tabs-section-control\"><\/div><\/button><div  class=\"w-tabs-section-content\" id=\"content-e891\"><div class=\"w-tabs-section-content-h i-cf\"><div class=\"wpb_text_column\"><div class=\"wpb_wrapper\"><p>R : Notre soci\u00e9t\u00e9 est situ\u00e9e dans la province de Wenzhou Zhejiang, en Chine. Nous vous accueillons \u00e0 tout moment ! Voir, c'est croire.<\/p>\n<\/div><\/div><\/div><\/div><\/div><div class=\"w-tabs-section\" id=\"aa48\"><button class=\"w-tabs-section-header\" aria-controls=\"content-aa48\" aria-expanded=\"false\"><p class=\"w-tabs-section-title\">Q : Qu'en est-il des frais d'exp\u00e9dition ?<\/p><div class=\"w-tabs-section-control\"><\/div><\/button><div  class=\"w-tabs-section-content\" id=\"content-aa48\"><div class=\"w-tabs-section-content-h i-cf\"><div class=\"wpb_text_column\"><div class=\"wpb_wrapper\"><p>Les frais d'exp\u00e9dition d\u00e9pendent du mode de livraison choisi. L'express est normalement le moyen le plus rapide mais aussi le plus co\u00fbteux. Le fret maritime est la meilleure solution pour les grandes quantit\u00e9s. Nous ne pouvons vous donner des tarifs de fret exacts que si nous connaissons les d\u00e9tails de la quantit\u00e9, du poids et de la voie d'acheminement. N'h\u00e9sitez pas \u00e0 nous contacter pour plus d'informations.<\/p>\n<\/div><\/div><\/div><\/div><\/div><\/div><\/div><\/div><\/div><\/div><\/div><\/div><\/div><\/div><\/section>","protected":false},"excerpt":{"rendered":"Home PagesFAQSOn laboratoire de recherche et de d\u00e9veloppement \u00e0 la pointe de la technologie est engag\u00e9 dans une innovation technologique continue afin de s'assurer que nos produits \u00e9lectriques sont \u00e0 la pointe de l'industrie. Poser une question N'h\u00e9sitez pas \u00e0 nous contacter si vous avez des besoins. Q:Quels sont vos prix ? Nos prix sont susceptibles d'\u00eatre modifi\u00e9s en fonction de l'offre et d'autres...","protected":false},"author":12,"featured_media":0,"parent":0,"menu_order":0,"comment_status":"closed","ping_status":"closed","template":"","meta":{"footnotes":""},"class_list":["post-19811","page","type-page","status-publish","hentry"],"acf":[],"yoast_head":"<!-- This site is optimized with the Yoast SEO plugin v27.2 - https:\/\/yoast.com\/product\/yoast-seo-wordpress\/ -->\n<title>FAQS - Surge Protector, Surge Arrestor, Isolating Switch - LEEYEE<\/title>\n<meta name=\"description\" content=\"Check out our professional FAQS at LEEYEE Electrics for Surge Protector, Surge Arrestor, Isolating Switch - LEEYEE .\" \/>\n<meta name=\"robots\" content=\"index, follow, max-snippet:-1, max-image-preview:large, max-video-preview:-1\" \/>\n<link rel=\"canonical\" href=\"https:\/\/www.cnspd.com\/fr\/faqs\/all\/\" \/>\n<meta property=\"og:locale\" content=\"fr_FR\" \/>\n<meta property=\"og:type\" content=\"article\" \/>\n<meta property=\"og:title\" content=\"FAQS - Surge Protector, Surge Arrestor, Isolating Switch - LEEYEE\" \/>\n<meta property=\"og:description\" content=\"Check out our professional FAQS at LEEYEE Electrics for Surge Protector, Surge Arrestor, Isolating Switch - LEEYEE .\" \/>\n<meta property=\"og:url\" content=\"https:\/\/www.cnspd.com\/fr\/faqs\/all\/\" \/>\n<meta property=\"og:site_name\" content=\"Surge Protector, Surge Arrestor, Isolating Switch - LEEYEE\" \/>\n<meta property=\"article:modified_time\" content=\"2025-03-26T09:25:48+00:00\" \/>\n<meta name=\"twitter:card\" content=\"summary_large_image\" \/>\n<meta name=\"twitter:label1\" content=\"Dur\u00e9e de lecture estim\u00e9e\" \/>\n\t<meta name=\"twitter:data1\" content=\"5 minutes\" \/>\n<script type=\"application\/ld+json\" class=\"yoast-schema-graph\">{\"@context\":\"https:\/\/schema.org\",\"@graph\":[{\"@type\":\"WebPage\",\"@id\":\"https:\/\/www.cnspd.com\/faqs\/all\/\",\"url\":\"https:\/\/www.cnspd.com\/faqs\/all\/\",\"name\":\"FAQS - Surge Protector, Surge Arrestor, Isolating Switch - LEEYEE\",\"isPartOf\":{\"@id\":\"https:\/\/www.cnspd.com\/#website\"},\"datePublished\":\"2024-03-20T07:03:35+00:00\",\"dateModified\":\"2025-03-26T09:25:48+00:00\",\"description\":\"Check out our professional FAQS at LEEYEE Electrics for Surge Protector, Surge Arrestor, Isolating Switch - LEEYEE .\",\"breadcrumb\":{\"@id\":\"https:\/\/www.cnspd.com\/faqs\/all\/#breadcrumb\"},\"inLanguage\":\"fr-FR\",\"potentialAction\":[{\"@type\":\"ReadAction\",\"target\":[\"https:\/\/www.cnspd.com\/faqs\/all\/\"]}]},{\"@type\":\"BreadcrumbList\",\"@id\":\"https:\/\/www.cnspd.com\/faqs\/all\/#breadcrumb\",\"itemListElement\":[{\"@type\":\"ListItem\",\"position\":1,\"name\":\"Home\",\"item\":\"https:\/\/www.cnspd.com\/\"},{\"@type\":\"ListItem\",\"position\":2,\"name\":\"FAQS\"}]},{\"@type\":\"WebSite\",\"@id\":\"https:\/\/www.cnspd.com\/#website\",\"url\":\"https:\/\/www.cnspd.com\/\",\"name\":\"Surge Protector, Surge Arrestor, Isolating Switch - LEEYEE\",\"description\":\"Surge Protector, Surge Arrestor, Isolating Switch - LEEYEE\",\"potentialAction\":[{\"@type\":\"SearchAction\",\"target\":{\"@type\":\"EntryPoint\",\"urlTemplate\":\"https:\/\/www.cnspd.com\/?s={search_term_string}\"},\"query-input\":{\"@type\":\"PropertyValueSpecification\",\"valueRequired\":true,\"valueName\":\"search_term_string\"}}],\"inLanguage\":\"fr-FR\"}]}<\/script>\n<!-- \/ Yoast SEO plugin. -->","yoast_head_json":{"title":"FAQS - Protecteur de surtension, parafoudre, sectionneur - LEEYEE","description":"Consultez nos FAQ professionnelles sur LEEYEE Electrics pour le Protecteur de surtension, le Parafoudre, l'Interrupteur de s\u00e9paration - LEEYEE .","robots":{"index":"index","follow":"follow","max-snippet":"max-snippet:-1","max-image-preview":"max-image-preview:large","max-video-preview":"max-video-preview:-1"},"canonical":"https:\/\/www.cnspd.com\/fr\/faqs\/all\/","og_locale":"fr_FR","og_type":"article","og_title":"FAQS - Surge Protector, Surge Arrestor, Isolating Switch - LEEYEE","og_description":"Check out our professional FAQS at LEEYEE Electrics for Surge Protector, Surge Arrestor, Isolating Switch - LEEYEE .","og_url":"https:\/\/www.cnspd.com\/fr\/faqs\/all\/","og_site_name":"Surge Protector, Surge Arrestor, Isolating Switch - LEEYEE","article_modified_time":"2025-03-26T09:25:48+00:00","twitter_card":"summary_large_image","twitter_misc":{"Dur\u00e9e de lecture estim\u00e9e":"5 minutes"},"schema":{"@context":"https:\/\/schema.org","@graph":[{"@type":"WebPage","@id":"https:\/\/www.cnspd.com\/faqs\/all\/","url":"https:\/\/www.cnspd.com\/faqs\/all\/","name":"FAQS - Protecteur de surtension, parafoudre, sectionneur - LEEYEE","isPartOf":{"@id":"https:\/\/www.cnspd.com\/#website"},"datePublished":"2024-03-20T07:03:35+00:00","dateModified":"2025-03-26T09:25:48+00:00","description":"Consultez nos FAQ professionnelles sur LEEYEE Electrics pour le Protecteur de surtension, le Parafoudre, l'Interrupteur de s\u00e9paration - LEEYEE .","breadcrumb":{"@id":"https:\/\/www.cnspd.com\/faqs\/all\/#breadcrumb"},"inLanguage":"fr-FR","potentialAction":[{"@type":"ReadAction","target":["https:\/\/www.cnspd.com\/faqs\/all\/"]}]},{"@type":"BreadcrumbList","@id":"https:\/\/www.cnspd.com\/faqs\/all\/#breadcrumb","itemListElement":[{"@type":"ListItem","position":1,"name":"Home","item":"https:\/\/www.cnspd.com\/"},{"@type":"ListItem","position":2,"name":"FAQS"}]},{"@type":"WebSite","@id":"https:\/\/www.cnspd.com\/#website","url":"https:\/\/www.cnspd.com\/","name":"Protecteur de surtension, parafoudre, interrupteur de s\u00e9paration - LEEYEEEE","description":"Protecteur de surtension, parafoudre, interrupteur de s\u00e9paration - LEEYEEEE","potentialAction":[{"@type":"SearchAction","target":{"@type":"EntryPoint","urlTemplate":"https:\/\/www.cnspd.com\/?s={search_term_string}"},"query-input":{"@type":"PropertyValueSpecification","valueRequired":true,"valueName":"search_term_string"}}],"inLanguage":"fr-FR"}]}},"_links":{"self":[{"href":"https:\/\/www.cnspd.com\/fr\/wp-json\/wp\/v2\/pages\/19811","targetHints":{"allow":["GET"]}}],"collection":[{"href":"https:\/\/www.cnspd.com\/fr\/wp-json\/wp\/v2\/pages"}],"about":[{"href":"https:\/\/www.cnspd.com\/fr\/wp-json\/wp\/v2\/types\/page"}],"author":[{"embeddable":true,"href":"https:\/\/www.cnspd.com\/fr\/wp-json\/wp\/v2\/users\/12"}],"replies":[{"embeddable":true,"href":"https:\/\/www.cnspd.com\/fr\/wp-json\/wp\/v2\/comments?post=19811"}],"version-history":[{"count":1,"href":"https:\/\/www.cnspd.com\/fr\/wp-json\/wp\/v2\/pages\/19811\/revisions"}],"predecessor-version":[{"id":27269,"href":"https:\/\/www.cnspd.com\/fr\/wp-json\/wp\/v2\/pages\/19811\/revisions\/27269"}],"wp:attachment":[{"href":"https:\/\/www.cnspd.com\/fr\/wp-json\/wp\/v2\/media?parent=19811"}],"curies":[{"name":"wp","href":"https:\/\/api.w.org\/{rel}","templated":true}]}}