{"id":7091,"date":"2023-05-26T16:28:08","date_gmt":"2023-05-26T08:28:08","guid":{"rendered":"http:\/\/ouri.linkerr.cn\/?page_id=7091"},"modified":"2023-09-18T19:46:35","modified_gmt":"2023-09-18T11:46:35","slug":"search-result","status":"publish","type":"page","link":"https:\/\/www.cnspd.com\/fr\/resultat-de-la-recherche\/","title":{"rendered":"R\u00e9sultat de la recherche"},"content":{"rendered":"<section class=\"l-section wpb_row height_large color_secondary with_img parallax_hor bgwidth_110\"><div class=\"l-section-img\" role=\"img\" style=\"background-image: url(https:\/\/www.cnspd.com\/wp-content\/uploads\/2024\/05\/logofavicon.png);\"><\/div><div class=\"l-section-overlay\" style=\"background:linear-gradient(90deg,rgba(0,0,0,0.7),rgba(99,126,135,0.8))\"><\/div><div class=\"l-section-h i-cf\"><div class=\"g-cols vc_row via_grid cols_1 laptops-cols_inherit tablets-cols_1 mobiles-cols_1 valign_top type_default reversed stacking_default\" style=\"--columns-gap:0rem;\"><div class=\"wpb_column vc_column_container us_custom_fd43344c\"><div class=\"vc_column-inner\"><nav class=\"g-breadcrumbs us_custom_6df4bc3a has_text_color separator_icon align_none\" itemscope itemtype=\"http:\/\/schema.org\/BreadcrumbList\"><div class=\"g-breadcrumbs-item\" itemscope itemprop=\"itemListElement\" itemtype=\"http:\/\/schema.org\/ListItem\"><a itemprop=\"item\" href=\"https:\/\/www.cnspd.com\/fr\/\"><span itemprop=\"name\">Accueil<\/span><\/a><meta itemprop=\"position\" content=\"1\"\/><\/div><div class=\"g-breadcrumbs-separator\"><i class=\"far fa-angle-right\"><\/i><\/div><div class=\"g-breadcrumbs-item\">Pages<\/div><\/nav><div class=\"w-separator size_small\"><\/div><h1 class=\"w-post-elm post_title entry-title color_link_inherit\">R\u00e9sultat de la recherche<\/h1><\/div><\/div><\/div><\/div><\/section><section class=\"l-section wpb_row height_large\"><div class=\"l-section-h i-cf\"><div class=\"g-cols vc_row via_grid cols_1 laptops-cols_inherit tablets-cols_inherit mobiles-cols_1 valign_top type_default stacking_default\"><div class=\"wpb_column vc_column_container\"><div class=\"vc_column-inner\"><\/div><\/div><\/div><\/div><\/section>","protected":false},"excerpt":{"rendered":"AccueilPagesR\u00e9sultat de la recherche","protected":false},"author":12,"featured_media":0,"parent":0,"menu_order":0,"comment_status":"closed","ping_status":"closed","template":"","meta":{"footnotes":""},"class_list":["post-7091","page","type-page","status-publish","hentry"],"acf":[],"yoast_head":"<!-- This site is optimized with the Yoast SEO plugin v27.2 - https:\/\/yoast.com\/product\/yoast-seo-wordpress\/ -->\n<title>Search Result - Surge Protector, Surge Arrestor, Isolating Switch - LEEYEE<\/title>\n<meta name=\"description\" content=\"Check out our professional Search Result at LEEYEE Electrics for Surge Protector, Surge Arrestor, Isolating Switch - LEEYEE .\" \/>\n<meta name=\"robots\" content=\"index, follow, max-snippet:-1, max-image-preview:large, max-video-preview:-1\" \/>\n<link rel=\"canonical\" href=\"https:\/\/www.cnspd.com\/fr\/resultat-de-la-recherche\/\" \/>\n<meta property=\"og:locale\" content=\"fr_FR\" \/>\n<meta property=\"og:type\" content=\"article\" \/>\n<meta property=\"og:title\" content=\"Search Result - Surge Protector, Surge Arrestor, Isolating Switch - LEEYEE\" \/>\n<meta property=\"og:description\" content=\"Check out our professional Search Result at LEEYEE Electrics for Surge Protector, Surge Arrestor, Isolating Switch - LEEYEE .\" \/>\n<meta property=\"og:url\" content=\"https:\/\/www.cnspd.com\/fr\/resultat-de-la-recherche\/\" \/>\n<meta property=\"og:site_name\" content=\"Surge Protector, Surge Arrestor, Isolating Switch - LEEYEE\" \/>\n<meta property=\"article:modified_time\" content=\"2023-09-18T11:46:35+00:00\" \/>\n<meta name=\"twitter:card\" content=\"summary_large_image\" \/>\n<meta name=\"twitter:label1\" content=\"Dur\u00e9e de lecture estim\u00e9e\" \/>\n\t<meta name=\"twitter:data1\" content=\"1 minute\" \/>\n<script type=\"application\/ld+json\" class=\"yoast-schema-graph\">{\"@context\":\"https:\/\/schema.org\",\"@graph\":[{\"@type\":\"WebPage\",\"@id\":\"https:\/\/www.cnspd.com\/search-result\/\",\"url\":\"https:\/\/www.cnspd.com\/search-result\/\",\"name\":\"Search Result - Surge Protector, Surge Arrestor, Isolating Switch - LEEYEE\",\"isPartOf\":{\"@id\":\"https:\/\/www.cnspd.com\/#website\"},\"datePublished\":\"2023-05-26T08:28:08+00:00\",\"dateModified\":\"2023-09-18T11:46:35+00:00\",\"description\":\"Check out our professional Search Result at LEEYEE Electrics for Surge Protector, Surge Arrestor, Isolating Switch - LEEYEE .\",\"breadcrumb\":{\"@id\":\"https:\/\/www.cnspd.com\/search-result\/#breadcrumb\"},\"inLanguage\":\"fr-FR\",\"potentialAction\":[{\"@type\":\"ReadAction\",\"target\":[\"https:\/\/www.cnspd.com\/search-result\/\"]}]},{\"@type\":\"BreadcrumbList\",\"@id\":\"https:\/\/www.cnspd.com\/search-result\/#breadcrumb\",\"itemListElement\":[{\"@type\":\"ListItem\",\"position\":1,\"name\":\"Home\",\"item\":\"https:\/\/www.cnspd.com\/\"},{\"@type\":\"ListItem\",\"position\":2,\"name\":\"Search Result\"}]},{\"@type\":\"WebSite\",\"@id\":\"https:\/\/www.cnspd.com\/#website\",\"url\":\"https:\/\/www.cnspd.com\/\",\"name\":\"Surge Protector, Surge Arrestor, Isolating Switch - LEEYEE\",\"description\":\"Surge Protector, Surge Arrestor, Isolating Switch - LEEYEE\",\"potentialAction\":[{\"@type\":\"SearchAction\",\"target\":{\"@type\":\"EntryPoint\",\"urlTemplate\":\"https:\/\/www.cnspd.com\/?s={search_term_string}\"},\"query-input\":{\"@type\":\"PropertyValueSpecification\",\"valueRequired\":true,\"valueName\":\"search_term_string\"}}],\"inLanguage\":\"fr-FR\"}]}<\/script>\n<!-- \/ Yoast SEO plugin. -->","yoast_head_json":{"title":"R\u00e9sultat de la recherche - Surge Protector, Surge Arrestor, Isolating Switch - LEEYEE","description":"Consultez notre r\u00e9sultat de recherche professionnel sur LEEYEE Electrics pour Parasurtenseur, Parafoudre, Interrupteur de s\u00e9paration - LEEYEE .","robots":{"index":"index","follow":"follow","max-snippet":"max-snippet:-1","max-image-preview":"max-image-preview:large","max-video-preview":"max-video-preview:-1"},"canonical":"https:\/\/www.cnspd.com\/fr\/resultat-de-la-recherche\/","og_locale":"fr_FR","og_type":"article","og_title":"Search Result - Surge Protector, Surge Arrestor, Isolating Switch - LEEYEE","og_description":"Check out our professional Search Result at LEEYEE Electrics for Surge Protector, Surge Arrestor, Isolating Switch - LEEYEE .","og_url":"https:\/\/www.cnspd.com\/fr\/resultat-de-la-recherche\/","og_site_name":"Surge Protector, Surge Arrestor, Isolating Switch - LEEYEE","article_modified_time":"2023-09-18T11:46:35+00:00","twitter_card":"summary_large_image","twitter_misc":{"Dur\u00e9e de lecture estim\u00e9e":"1 minute"},"schema":{"@context":"https:\/\/schema.org","@graph":[{"@type":"WebPage","@id":"https:\/\/www.cnspd.com\/search-result\/","url":"https:\/\/www.cnspd.com\/search-result\/","name":"R\u00e9sultat de la recherche - Surge Protector, Surge Arrestor, Isolating Switch - LEEYEE","isPartOf":{"@id":"https:\/\/www.cnspd.com\/#website"},"datePublished":"2023-05-26T08:28:08+00:00","dateModified":"2023-09-18T11:46:35+00:00","description":"Consultez notre r\u00e9sultat de recherche professionnel sur LEEYEE Electrics pour Parasurtenseur, Parafoudre, Interrupteur de s\u00e9paration - LEEYEE .","breadcrumb":{"@id":"https:\/\/www.cnspd.com\/search-result\/#breadcrumb"},"inLanguage":"fr-FR","potentialAction":[{"@type":"ReadAction","target":["https:\/\/www.cnspd.com\/search-result\/"]}]},{"@type":"BreadcrumbList","@id":"https:\/\/www.cnspd.com\/search-result\/#breadcrumb","itemListElement":[{"@type":"ListItem","position":1,"name":"Home","item":"https:\/\/www.cnspd.com\/"},{"@type":"ListItem","position":2,"name":"Search Result"}]},{"@type":"WebSite","@id":"https:\/\/www.cnspd.com\/#website","url":"https:\/\/www.cnspd.com\/","name":"Protecteur de surtension, parafoudre, interrupteur de s\u00e9paration - LEEYEEEE","description":"Protecteur de surtension, parafoudre, interrupteur de s\u00e9paration - LEEYEEEE","potentialAction":[{"@type":"SearchAction","target":{"@type":"EntryPoint","urlTemplate":"https:\/\/www.cnspd.com\/?s={search_term_string}"},"query-input":{"@type":"PropertyValueSpecification","valueRequired":true,"valueName":"search_term_string"}}],"inLanguage":"fr-FR"}]}},"_links":{"self":[{"href":"https:\/\/www.cnspd.com\/fr\/wp-json\/wp\/v2\/pages\/7091","targetHints":{"allow":["GET"]}}],"collection":[{"href":"https:\/\/www.cnspd.com\/fr\/wp-json\/wp\/v2\/pages"}],"about":[{"href":"https:\/\/www.cnspd.com\/fr\/wp-json\/wp\/v2\/types\/page"}],"author":[{"embeddable":true,"href":"https:\/\/www.cnspd.com\/fr\/wp-json\/wp\/v2\/users\/12"}],"replies":[{"embeddable":true,"href":"https:\/\/www.cnspd.com\/fr\/wp-json\/wp\/v2\/comments?post=7091"}],"version-history":[{"count":0,"href":"https:\/\/www.cnspd.com\/fr\/wp-json\/wp\/v2\/pages\/7091\/revisions"}],"wp:attachment":[{"href":"https:\/\/www.cnspd.com\/fr\/wp-json\/wp\/v2\/media?parent=7091"}],"curies":[{"name":"wp","href":"https:\/\/api.w.org\/{rel}","templated":true}]}}